{"id":16482,"date":"2024-04-17T15:03:41","date_gmt":"2024-04-17T13:03:41","guid":{"rendered":"https:\/\/www.fagace.org\/?page_id=16482"},"modified":"2024-04-17T15:07:26","modified_gmt":"2024-04-17T13:07:26","slug":"infrastructures","status":"publish","type":"page","link":"https:\/\/www.fagace.org\/ar\/infrastructures\/","title":{"rendered":"Infrastructures"},"content":{"rendered":"\t\t<div data-elementor-type=\"wp-page\" data-elementor-id=\"16482\" class=\"elementor elementor-16482\">\n\t\t\t\t\t\t\t        <section class=\"elementor-section elementor-top-section elementor-element elementor-element-d8a8a57 elementor-section-boxed elementor-section-height-default elementor-section-height-default\" data-id=\"d8a8a57\" data-element_type=\"section\">\n            \n                        <div class=\"elementor-container elementor-column-gap-default \">\n                    <div class=\"elementor-column elementor-col-100 elementor-top-column elementor-element elementor-element-6f159b0\" data-id=\"6f159b0\" data-element_type=\"column\">\n            <div class=\"elementor-widget-wrap\">\n                                    <\/div>\n        <\/div>\n                            <\/div>\n        <\/section>\n                <section class=\"elementor-section elementor-top-section elementor-element elementor-element-66f5ba01 elementor-section-boxed elementor-section-height-default elementor-section-height-default\" data-id=\"66f5ba01\" data-element_type=\"section\" data-settings=\"{&quot;background_background&quot;:&quot;classic&quot;}\">\n            \n                        <div class=\"elementor-container elementor-column-gap-extended \">\n                    <div class=\"elementor-column elementor-col-100 elementor-top-column elementor-element elementor-element-17f4a51e\" data-id=\"17f4a51e\" data-element_type=\"column\">\n            <div class=\"elementor-widget-wrap elementor-element-populated\">\n                        \t\t<div class=\"elementor-element elementor-element-4f5653c2 elementor-widget elementor-widget-ct_about_us\" data-id=\"4f5653c2\" data-element_type=\"widget\" data-widget_type=\"ct_about_us.default\">\n\t\t\t\t<div class=\"elementor-widget-container\">\n\t\t\t<div class=\"ct-about-us\">\n\t<div class=\"ct-about-left\">\n\t\t\t\t\t<div class=\"ct-about-imge\"><img loading=\"lazy\" decoding=\"async\" class=\"\" src=\"https:\/\/www.fagace.org\/wp-content\/uploads\/2024\/04\/43445_large-306x306.jpg\" width=\"306\" height=\"306\" alt=\"A photo of a bridge taken from a low angle with a blue sky in the background. represents civil engineering.\" title=\"A photo of a bridge taken from a low angle with a blue sky in the background. represents civil engineering.\" \/><\/div>\n\t\t\t<\/div>\n\t<div class=\"ct-about-right\">\n\t\t<div class=\"ct-about-holder\">\n\t        <div class=\"ct-about-subtitle\"><span>SECTEURS D&#039;ACTIVITES<\/span><\/div>\n\t        <h3 class=\"ct-about-title\">Infrastructures<\/h3>\n\t        <div class=\"ct-about-desc\">Le d\u00e9veloppement des infrastructures en Afrique est un challenge pour l\u2019\u00e9mergence de son \u00e9conomie; c\u2019est donc tant bien un d\u00e9fi pour les gouvernements que pour les entreprises du secteur priv\u00e9. Nous accompagnons avec nos solutions FAGACE toutes les entreprises d\u00e9sirant \u0153uvrer dans ce secteur \u00e0 acc\u00e9der aux solutions de financement bancaire.<\/div>\n\t        \t\t\t    <div class=\"ct-about-meta\">\n\t\t\t        \t\t\t            <div class=\"ct-box-item\">\n\t\t\t            \t<div class=\"ct-box-icon\">\n\t\t\t            \t\t\t\t\t\t\t                \t\t\t\t                    \t\t\t\t\t            \t\t\t            \t<\/div>\n\t\t\t            \t<div class=\"ct-box-content\">\n\t\t\t            \t\t<h5 class=\"ct-box-title\"><\/h5>\n\t\t\t\t            \t<div class=\"ct-box-desc\">\n\t\t\t\t            \t\t\t\t\t\t            \t<\/div>\n\t\t\t\t            <\/div>\n\t\t\t           <\/div>\n\t\t\t        \t\t\t    <\/div>\n\t\t\t\t    <\/div>\n\t<\/div>\n<\/div>\t\t<\/div>\n\t\t\t\t<\/div>\n\t\t            <\/div>\n        <\/div>\n                            <\/div>\n        <\/section>\n                <section class=\"elementor-section elementor-top-section elementor-element elementor-element-86dc659 elementor-section-boxed elementor-section-height-default elementor-section-height-default\" data-id=\"86dc659\" data-element_type=\"section\">\n            \n                        <div class=\"elementor-container elementor-column-gap-default \">\n                    <div class=\"elementor-column elementor-col-100 elementor-top-column elementor-element elementor-element-8ab0032\" data-id=\"8ab0032\" data-element_type=\"column\">\n            <div class=\"elementor-widget-wrap elementor-element-populated\">\n                        \t\t<div class=\"elementor-element elementor-element-458e855 elementor-widget elementor-widget-text-editor\" data-id=\"458e855\" data-element_type=\"widget\" data-widget_type=\"text-editor.default\">\n\t\t\t\t<div class=\"elementor-widget-container\">\n\t\t\t<style>\/*! elementor - v3.12.1 - 02-04-2023 *\/\n.elementor-widget-text-editor.elementor-drop-cap-view-stacked .elementor-drop-cap{background-color:#69727d;color:#fff}.elementor-widget-text-editor.elementor-drop-cap-view-framed .elementor-drop-cap{color:#69727d;border:3px solid;background-color:transparent}.elementor-widget-text-editor:not(.elementor-drop-cap-view-default) .elementor-drop-cap{margin-top:8px}.elementor-widget-text-editor:not(.elementor-drop-cap-view-default) .elementor-drop-cap-letter{width:1em;height:1em}.elementor-widget-text-editor .elementor-drop-cap{float:left;text-align:center;line-height:1;font-size:50px}.elementor-widget-text-editor .elementor-drop-cap-letter{display:inline-block}<\/style>\t\t\t\t<p>Le d\u00e9veloppement des infrastructures en Afrique est un challenge pour l\u2019\u00e9mergence de son \u00e9conomie; c\u2019est donc tant bien un d\u00e9fi pour les gouvernements que pour les entreprises du secteur priv\u00e9. Nous accompagnons avec nos solutions FAGACE toutes les entreprises d\u00e9sirant \u0153uvrer dans ce secteur \u00e0 acc\u00e9der aux solutions de financement bancaire.<\/p>\t\t\t\t\t\t<\/div>\n\t\t\t\t<\/div>\n\t\t            <\/div>\n        <\/div>\n                            <\/div>\n        <\/section>\n        \t\t\t\t\t<\/div>\n\t\t","protected":false},"excerpt":{"rendered":"<p>SECTEURS D&#039;ACTIVITES Infrastructures Le d\u00e9veloppement des infrastructures en Afrique est un challenge pour l\u2019\u00e9mergence de son \u00e9conomie; c\u2019est donc tant bien un d\u00e9fi pour les gouvernements que pour les entreprises [&hellip;]<\/p>\n","protected":false},"author":1,"featured_media":0,"parent":0,"menu_order":0,"comment_status":"closed","ping_status":"closed","template":"","meta":{"_themeisle_gutenberg_block_has_review":false,"footnotes":""},"class_list":["post-16482","page","type-page","status-publish","hentry"],"translation":{"provider":"WPGlobus","version":"2.10.10","language":"ar","enabled_languages":["fr","en","ar","pt"],"languages":{"fr":{"title":true,"content":true,"excerpt":false},"en":{"title":true,"content":false,"excerpt":false},"ar":{"title":false,"content":false,"excerpt":false},"pt":{"title":false,"content":false,"excerpt":false}}},"yoast_head":"<!-- This site is optimized with the Yoast SEO plugin v22.7 - https:\/\/yoast.com\/wordpress\/plugins\/seo\/ -->\n<title>- FAGACE<\/title>\n<meta name=\"robots\" content=\"index, follow, max-snippet:-1, max-image-preview:large, max-video-preview:-1\" \/>\n<link rel=\"canonical\" href=\"https:\/\/www.fagace.org\/infrastructures\/\" \/>\n<meta property=\"og:locale\" content=\"ar_AR\" \/>\n<meta property=\"og:type\" content=\"article\" \/>\n<meta property=\"og:title\" content=\"- FAGACE\" \/>\n<meta property=\"og:url\" content=\"https:\/\/www.fagace.org\/infrastructures\/\" \/>\n<meta property=\"og:site_name\" content=\"FAGACE\" \/>\n<meta property=\"article:publisher\" content=\"https:\/\/www.facebook.com\/fagaceorg\" \/>\n<meta property=\"article:modified_time\" content=\"2024-04-17T13:07:26+00:00\" \/>\n<meta property=\"og:image\" content=\"https:\/\/www.fagace.org\/wp-content\/uploads\/2024\/04\/43445_large-306x306.jpg\" \/>\n<meta name=\"twitter:card\" content=\"summary_large_image\" \/>\n<meta name=\"twitter:site\" content=\"@Fagace_Officiel\" \/>\n<meta name=\"twitter:label1\" content=\"Est. reading time\" \/>\n\t<meta name=\"twitter:data1\" content=\"1 minute\" \/>\n<script type=\"application\/ld+json\" class=\"yoast-schema-graph\">{\"@context\":\"https:\/\/schema.org\",\"@graph\":[{\"@type\":\"WebPage\",\"@id\":\"https:\/\/www.fagace.org\/infrastructures\/\",\"url\":\"https:\/\/www.fagace.org\/infrastructures\/\",\"name\":\"- FAGACE\",\"isPartOf\":{\"@id\":\"https:\/\/www.fagace.org\/#website\"},\"primaryImageOfPage\":{\"@id\":\"https:\/\/www.fagace.org\/infrastructures\/#primaryimage\"},\"image\":{\"@id\":\"https:\/\/www.fagace.org\/infrastructures\/#primaryimage\"},\"thumbnailUrl\":\"https:\/\/www.fagace.org\/wp-content\/uploads\/2024\/04\/43445_large-306x306.jpg\",\"datePublished\":\"2024-04-17T13:03:41+00:00\",\"dateModified\":\"2024-04-17T13:07:26+00:00\",\"breadcrumb\":{\"@id\":\"https:\/\/www.fagace.org\/infrastructures\/#breadcrumb\"},\"inLanguage\":\"ar\",\"potentialAction\":[{\"@type\":\"ReadAction\",\"target\":[\"https:\/\/www.fagace.org\/infrastructures\/\"]}]},{\"@type\":\"ImageObject\",\"inLanguage\":\"ar\",\"@id\":\"https:\/\/www.fagace.org\/infrastructures\/#primaryimage\",\"url\":\"https:\/\/www.fagace.org\/wp-content\/uploads\/2024\/04\/43445_large-306x306.jpg\",\"contentUrl\":\"https:\/\/www.fagace.org\/wp-content\/uploads\/2024\/04\/43445_large-306x306.jpg\"},{\"@type\":\"BreadcrumbList\",\"@id\":\"https:\/\/www.fagace.org\/infrastructures\/#breadcrumb\",\"itemListElement\":[{\"@type\":\"ListItem\",\"position\":1,\"name\":\"Accueil\",\"item\":\"https:\/\/www.fagace.org\/\"},{\"@type\":\"ListItem\",\"position\":2,\"name\":\"Infrastructures\"}]},{\"@type\":\"WebSite\",\"@id\":\"https:\/\/www.fagace.org\/#website\",\"url\":\"https:\/\/www.fagace.org\/\",\"name\":\"{:fr}FAGACE{:}{:en}FAGACE{:}\",\"description\":\"\u0645\u0624\u0633\u0633\u0629 \u0645\u0627\u0644\u064a\u0629 \u0641\u064a \u062e\u062f\u0645\u0629 \u0627\u0644\u062a\u0646\u0645\u064a\u0629 \u0641\u064a \u0623\u0641\u0631\u064a\u0642\u064a\u0627\",\"publisher\":{\"@id\":\"https:\/\/www.fagace.org\/#organization\"},\"potentialAction\":[{\"@type\":\"SearchAction\",\"target\":{\"@type\":\"EntryPoint\",\"urlTemplate\":\"https:\/\/www.fagace.org\/?s={search_term_string}\"},\"query-input\":\"required name=search_term_string\"}],\"inLanguage\":\"ar\"},{\"@type\":\"Organization\",\"@id\":\"https:\/\/www.fagace.org\/#organization\",\"name\":\"{:fr}Fonds Africain de Garantie et de Coop\u00e9ration Economique{:}{:en}African Guarantee and Economic Cooperation Fund{:}\",\"url\":\"https:\/\/www.fagace.org\/\",\"logo\":{\"@type\":\"ImageObject\",\"inLanguage\":\"ar\",\"@id\":\"https:\/\/www.fagace.org\/#\/schema\/logo\/image\/\",\"url\":\"https:\/\/www.fagace.org\/wp-content\/uploads\/2024\/04\/2003.jpg\",\"contentUrl\":\"https:\/\/www.fagace.org\/wp-content\/uploads\/2024\/04\/2003.jpg\",\"width\":580,\"height\":580,\"caption\":\"{:fr}Fonds Africain de Garantie et de Coop\u00e9ration Economique{:}{:en}African Guarantee and Economic Cooperation Fund{:}\"},\"image\":{\"@id\":\"https:\/\/www.fagace.org\/#\/schema\/logo\/image\/\"},\"sameAs\":[\"https:\/\/www.facebook.com\/fagaceorg\",\"https:\/\/x.com\/Fagace_Officiel\"]}]}<\/script>\n<!-- \/ Yoast SEO plugin. -->","yoast_head_json":{"title":"- FAGACE","robots":{"index":"index","follow":"follow","max-snippet":"max-snippet:-1","max-image-preview":"max-image-preview:large","max-video-preview":"max-video-preview:-1"},"canonical":"https:\/\/www.fagace.org\/infrastructures\/","og_locale":"ar_AR","og_type":"article","og_title":"- FAGACE","og_url":"https:\/\/www.fagace.org\/infrastructures\/","og_site_name":"FAGACE","article_publisher":"https:\/\/www.facebook.com\/fagaceorg","article_modified_time":"2024-04-17T13:07:26+00:00","og_image":[{"url":"https:\/\/www.fagace.org\/wp-content\/uploads\/2024\/04\/43445_large-306x306.jpg"}],"twitter_card":"summary_large_image","twitter_site":"@Fagace_Officiel","twitter_misc":{"Est. reading time":"1 minute"},"schema":{"@context":"https:\/\/schema.org","@graph":[{"@type":"WebPage","@id":"https:\/\/www.fagace.org\/infrastructures\/","url":"https:\/\/www.fagace.org\/infrastructures\/","name":"- FAGACE","isPartOf":{"@id":"https:\/\/www.fagace.org\/#website"},"primaryImageOfPage":{"@id":"https:\/\/www.fagace.org\/infrastructures\/#primaryimage"},"image":{"@id":"https:\/\/www.fagace.org\/infrastructures\/#primaryimage"},"thumbnailUrl":"https:\/\/www.fagace.org\/wp-content\/uploads\/2024\/04\/43445_large-306x306.jpg","datePublished":"2024-04-17T13:03:41+00:00","dateModified":"2024-04-17T13:07:26+00:00","breadcrumb":{"@id":"https:\/\/www.fagace.org\/infrastructures\/#breadcrumb"},"inLanguage":"ar","potentialAction":[{"@type":"ReadAction","target":["https:\/\/www.fagace.org\/infrastructures\/"]}]},{"@type":"ImageObject","inLanguage":"ar","@id":"https:\/\/www.fagace.org\/infrastructures\/#primaryimage","url":"https:\/\/www.fagace.org\/wp-content\/uploads\/2024\/04\/43445_large-306x306.jpg","contentUrl":"https:\/\/www.fagace.org\/wp-content\/uploads\/2024\/04\/43445_large-306x306.jpg"},{"@type":"BreadcrumbList","@id":"https:\/\/www.fagace.org\/infrastructures\/#breadcrumb","itemListElement":[{"@type":"ListItem","position":1,"name":"Accueil","item":"https:\/\/www.fagace.org\/"},{"@type":"ListItem","position":2,"name":"Infrastructures"}]},{"@type":"WebSite","@id":"https:\/\/www.fagace.org\/#website","url":"https:\/\/www.fagace.org\/","name":"{:fr}FAGACE{:}{:en}FAGACE{:}","description":"\u0645\u0624\u0633\u0633\u0629 \u0645\u0627\u0644\u064a\u0629 \u0641\u064a \u062e\u062f\u0645\u0629 \u0627\u0644\u062a\u0646\u0645\u064a\u0629 \u0641\u064a \u0623\u0641\u0631\u064a\u0642\u064a\u0627","publisher":{"@id":"https:\/\/www.fagace.org\/#organization"},"potentialAction":[{"@type":"SearchAction","target":{"@type":"EntryPoint","urlTemplate":"https:\/\/www.fagace.org\/?s={search_term_string}"},"query-input":"required name=search_term_string"}],"inLanguage":"ar"},{"@type":"Organization","@id":"https:\/\/www.fagace.org\/#organization","name":"{:fr}Fonds Africain de Garantie et de Coop\u00e9ration Economique{:}{:en}African Guarantee and Economic Cooperation Fund{:}","url":"https:\/\/www.fagace.org\/","logo":{"@type":"ImageObject","inLanguage":"ar","@id":"https:\/\/www.fagace.org\/#\/schema\/logo\/image\/","url":"https:\/\/www.fagace.org\/wp-content\/uploads\/2024\/04\/2003.jpg","contentUrl":"https:\/\/www.fagace.org\/wp-content\/uploads\/2024\/04\/2003.jpg","width":580,"height":580,"caption":"{:fr}Fonds Africain de Garantie et de Coop\u00e9ration Economique{:}{:en}African Guarantee and Economic Cooperation Fund{:}"},"image":{"@id":"https:\/\/www.fagace.org\/#\/schema\/logo\/image\/"},"sameAs":["https:\/\/www.facebook.com\/fagaceorg","https:\/\/x.com\/Fagace_Officiel"]}]}},"ticketed":false,"_links":{"self":[{"href":"https:\/\/www.fagace.org\/ar\/wp-json\/wp\/v2\/pages\/16482","targetHints":{"allow":["GET"]}}],"collection":[{"href":"https:\/\/www.fagace.org\/ar\/wp-json\/wp\/v2\/pages"}],"about":[{"href":"https:\/\/www.fagace.org\/ar\/wp-json\/wp\/v2\/types\/page"}],"author":[{"embeddable":true,"href":"https:\/\/www.fagace.org\/ar\/wp-json\/wp\/v2\/users\/1"}],"replies":[{"embeddable":true,"href":"https:\/\/www.fagace.org\/ar\/wp-json\/wp\/v2\/comments?post=16482"}],"version-history":[{"count":10,"href":"https:\/\/www.fagace.org\/ar\/wp-json\/wp\/v2\/pages\/16482\/revisions"}],"predecessor-version":[{"id":16493,"href":"https:\/\/www.fagace.org\/ar\/wp-json\/wp\/v2\/pages\/16482\/revisions\/16493"}],"wp:attachment":[{"href":"https:\/\/www.fagace.org\/ar\/wp-json\/wp\/v2\/media?parent=16482"}],"curies":[{"name":"wp","href":"https:\/\/api.w.org\/{rel}","templated":true}]}}