{"id":7396,"date":"2023-06-03T17:25:47","date_gmt":"2023-06-03T15:25:47","guid":{"rendered":"https:\/\/www.fagace.org\/?page_id=7396"},"modified":"2025-07-10T19:17:03","modified_gmt":"2025-07-10T17:17:03","slug":"nos-representations","status":"publish","type":"page","link":"https:\/\/www.fagace.org\/ar\/nos-representations\/","title":{"rendered":"\u062a\u0645\u062b\u064a\u0644\u0646\u0627"},"content":{"rendered":"<p>NOUS DECOUVRIR                                <\/p>\n<h3>\n                        Nos repr\u00e9sentations et Bureaux<br \/>\n            <\/h3>\n<p>Pour son fonctionnement , Le FAGACE\u00a0 s&#8217;est dot\u00e9 de plusieurs repr\u00e9sentations dans diff\u00e9rents pays . D\u00e9couvrez ici donc les diff\u00e9rentes repr\u00e9sentations du FAGACE<\/p>\n<p>    \t<img decoding=\"async\" width=\"1200\" height=\"800\" src=\"https:\/\/www.fagace.org\/wp-content\/uploads\/2023\/06\/bg_representationSiegeFAGACE-min.png\" alt=\"\" loading=\"lazy\" \/><br \/>\n\t\t\t\t\t<img decoding=\"async\" width=\"100\" height=\"100\" src=\"https:\/\/www.fagace.org\/wp-content\/uploads\/2020\/06\/contact-icon1.png\" alt=\"\" loading=\"lazy\" \/><\/p>\n<h3>Si\u00e8ge<\/h3>\n<p>\t        Cotonou, B\u00e9nin<br \/>\n\t        REPR\u00c9SENTATION<\/p>\n<h3>Si\u00e8ge<\/h3>\n<p>\t        298, Boulevard CEN-SAD Rue 12 044 \/<br \/>\n01 BP 2045 Cotonou, B\u00e9nin<\/p>\n<h5>Telephone<\/h5>\n<p>\t\t\t\t            \t\t+229 01 97 97 97 30<br \/>\n+229 01 94 01 37 20<br \/>\n+229 01 21 30 03 76<br \/>\n+229 01 21 30 08 77<\/p>\n<h5>Fax<\/h5>\n<p>\t\t\t\t            \t\t+229 01 21 30 02 84\t\t\t\t            \t<\/p>\n<h5>Email<\/h5>\n<p>\t\t\t\t            \t\tcourriel.fagace@fagace.org\t\t\t\t            \t<\/p>\n<h5>Projets de la repr\u00e9sentation<\/h5>\n<p>\t\t\t\t            \t\t<a href=\"#\"  target=\"_blank\">Cliquez ici pour visualiser les projets de la repr\u00e9sentation<\/a><br \/>\n\t        REPR\u00c9SENTATION<\/p>\n<h3>Afrique Centrale<\/h3>\n<p>\t        Immeuble CNPS 4\u00e8me \u00e9tage, Bonanjo (Douala \u2013 Cameroun)<\/p>\n<h5>Telephone<\/h5>\n<p>\t\t\t\t            \t\t+237 656 65 83 73\t\t\t\t            \t<\/p>\n<h5>Fax<\/h5>\n<p>\t\t\t\t            \t\t&#8230;.\t\t\t\t            \t<\/p>\n<h5>Email<\/h5>\n<p>\t\t\t\t            \t\tcourriel.fagace@fagace.org\t\t\t\t            \t<\/p>\n<h5>Projets de la repr\u00e9sentation<\/h5>\n<p>\t\t\t\t            \t\t<a href=\"#\"  target=\"_blank\">Cliquez ici pour visualiser les projets de la repr\u00e9sentation<\/a><br \/>\n    \t<img decoding=\"async\" width=\"1200\" height=\"800\" src=\"https:\/\/www.fagace.org\/wp-content\/uploads\/2023\/06\/bg_representationSiegeFAGACE-min.png\" alt=\"\" loading=\"lazy\" \/><br \/>\n\t\t\t\t\t<img decoding=\"async\" width=\"100\" height=\"100\" src=\"https:\/\/www.fagace.org\/wp-content\/uploads\/2020\/06\/contact-icon1.png\" alt=\"\" loading=\"lazy\" \/><\/p>\n<h3>Afrique Centrale<\/h3>\n<p>\t        Douala \u2013 Cameroun<br \/>\n    \t<img decoding=\"async\" width=\"1200\" height=\"800\" src=\"https:\/\/www.fagace.org\/wp-content\/uploads\/2024\/04\/representation_rwanda-min.png\" alt=\"\" loading=\"lazy\" \/><br \/>\n\t\t\t\t\t<img decoding=\"async\" width=\"100\" height=\"100\" src=\"https:\/\/www.fagace.org\/wp-content\/uploads\/2020\/06\/contact-icon1.png\" alt=\"\" loading=\"lazy\" \/><\/p>\n<h3>Rwanda<\/h3>\n<p>\t        Kigali<br \/>\n\t        REPR\u00c9SENTATION<\/p>\n<h3>Rwanda<\/h3>\n<p>\t        Grand Pension Plaza, 2 KN 3 Ave, Kigali, Ground floor, Door G20<\/p>\n<h5>Telephone<\/h5>\n<p>\t\t\t\t            \t\t+250 788 851 323\t\t\t\t            \t<\/p>\n<h5>Fax<\/h5>\n<p>\t\t\t\t            \t\t&#8230;\t\t\t\t            \t<\/p>\n<h5>Email<\/h5>\n<p>\t\t\t\t            \t\tcourriel.fagace@fagace.org\t\t\t\t            \t<\/p>\n<h5>Projets de la repr\u00e9sentation<\/h5>\n<p>\t\t\t\t            \t\t<a href=\"#\"  target=\"_blank\">Cliquez ici pour visualiser les projets de la repr\u00e9sentation<\/a><br \/>\n\t        REPR\u00c9SENTATION<\/p>\n<h3>Afrique de l&#039;Ouest<\/h3>\n<p>\t        Rue SC-155, Mermoz Sacr\u00e9-c\u0153ur 1  (Dakar \u2013 S\u00e9n\u00e9gal)<\/p>\n<h5>Telephone<\/h5>\n<p>\t\t\t\t            \t\tStandart: (+221)33 822 6993<br \/>\nMobile :  (+221) 78 121 90 90\t\t\t\t            \t<\/p>\n<h5>Fax<\/h5>\n<p>\t\t\t\t            \t\t&#8230;.\t\t\t\t            \t<\/p>\n<h5>Email<\/h5>\n<p>\t\t\t\t            \t\tcourriel.fagace@fagace.org\t\t\t\t            \t<\/p>\n<h5>Projets de la repr\u00e9sentation<\/h5>\n<p>\t\t\t\t            \t\t<a href=\"#\"  target=\"_blank\">Cliquez ici pour visualiser les projets de la repr\u00e9sentation<\/a><br \/>\n    \t<img decoding=\"async\" width=\"1200\" height=\"800\" src=\"https:\/\/www.fagace.org\/wp-content\/uploads\/2023\/06\/bg_representationSiegeFAGACE-min.png\" alt=\"\" loading=\"lazy\" \/><br \/>\n\t\t\t\t\t<img decoding=\"async\" width=\"100\" height=\"100\" src=\"https:\/\/www.fagace.org\/wp-content\/uploads\/2020\/06\/contact-icon1.png\" alt=\"\" loading=\"lazy\" \/><\/p>\n<h3>Afrique de l&#039;Ouest<\/h3>\n<p>\t        Dakar &#8211; S\u00e9n\u00e9gal<\/p>\n","protected":false},"excerpt":{"rendered":"<p>NOUS DECOUVRIR Nos repr\u00e9sentations et Bureaux Pour son fonctionnement , Le FAGACE\u00a0 s&#8217;est dot\u00e9 de plusieurs repr\u00e9sentations dans diff\u00e9rents pays . D\u00e9couvrez ici donc les diff\u00e9rentes repr\u00e9sentations du FAGACE Si\u00e8ge [&hellip;]<\/p>\n","protected":false},"author":1,"featured_media":0,"parent":0,"menu_order":0,"comment_status":"closed","ping_status":"closed","template":"","meta":{"_themeisle_gutenberg_block_has_review":false,"footnotes":""},"class_list":["post-7396","page","type-page","status-publish","hentry"],"translation":{"provider":"WPGlobus","version":"2.10.10","language":"ar","enabled_languages":["fr","en","ar","pt"],"languages":{"fr":{"title":true,"content":true,"excerpt":false},"en":{"title":true,"content":true,"excerpt":false},"ar":{"title":true,"content":false,"excerpt":false},"pt":{"title":true,"content":false,"excerpt":false}}},"yoast_head":"<!-- This site is optimized with the Yoast SEO plugin v22.7 - https:\/\/yoast.com\/wordpress\/plugins\/seo\/ -->\n<title>\u062a\u0645\u062b\u064a\u0644\u0646\u0627 - FAGACE<\/title>\n<meta name=\"robots\" content=\"index, follow, max-snippet:-1, max-image-preview:large, max-video-preview:-1\" \/>\n<link rel=\"canonical\" href=\"https:\/\/www.fagace.org\/nos-representations\/\" \/>\n<meta property=\"og:locale\" content=\"ar_AR\" \/>\n<meta property=\"og:type\" content=\"article\" \/>\n<meta property=\"og:title\" content=\"\u062a\u0645\u062b\u064a\u0644\u0646\u0627 - FAGACE\" \/>\n<meta property=\"og:url\" content=\"https:\/\/www.fagace.org\/nos-representations\/\" \/>\n<meta property=\"og:site_name\" content=\"FAGACE\" \/>\n<meta property=\"article:publisher\" content=\"https:\/\/www.facebook.com\/fagaceorg\" \/>\n<meta property=\"article:modified_time\" content=\"2025-07-10T17:17:03+00:00\" \/>\n<meta property=\"og:image\" content=\"https:\/\/www.fagace.org\/wp-content\/uploads\/2023\/06\/bg_representationSiegeFAGACE-min.png\" \/>\n<meta name=\"twitter:card\" content=\"summary_large_image\" \/>\n<meta name=\"twitter:site\" content=\"@Fagace_Officiel\" \/>\n<meta name=\"twitter:label1\" content=\"Est. reading time\" \/>\n\t<meta name=\"twitter:data1\" content=\"3 minutes\" \/>\n<script type=\"application\/ld+json\" class=\"yoast-schema-graph\">{\"@context\":\"https:\/\/schema.org\",\"@graph\":[{\"@type\":\"WebPage\",\"@id\":\"https:\/\/www.fagace.org\/nos-representations\/\",\"url\":\"https:\/\/www.fagace.org\/nos-representations\/\",\"name\":\"\u062a\u0645\u062b\u064a\u0644\u0646\u0627 - FAGACE\",\"isPartOf\":{\"@id\":\"https:\/\/www.fagace.org\/#website\"},\"primaryImageOfPage\":{\"@id\":\"https:\/\/www.fagace.org\/nos-representations\/#primaryimage\"},\"image\":{\"@id\":\"https:\/\/www.fagace.org\/nos-representations\/#primaryimage\"},\"thumbnailUrl\":\"https:\/\/www.fagace.org\/wp-content\/uploads\/2023\/06\/bg_representationSiegeFAGACE-min.png\",\"datePublished\":\"2023-06-03T15:25:47+00:00\",\"dateModified\":\"2025-07-10T17:17:03+00:00\",\"breadcrumb\":{\"@id\":\"https:\/\/www.fagace.org\/nos-representations\/#breadcrumb\"},\"inLanguage\":\"ar\",\"potentialAction\":[{\"@type\":\"ReadAction\",\"target\":[\"https:\/\/www.fagace.org\/nos-representations\/\"]}]},{\"@type\":\"ImageObject\",\"inLanguage\":\"ar\",\"@id\":\"https:\/\/www.fagace.org\/nos-representations\/#primaryimage\",\"url\":\"https:\/\/www.fagace.org\/wp-content\/uploads\/2023\/06\/bg_representationSiegeFAGACE-min.png\",\"contentUrl\":\"https:\/\/www.fagace.org\/wp-content\/uploads\/2023\/06\/bg_representationSiegeFAGACE-min.png\"},{\"@type\":\"BreadcrumbList\",\"@id\":\"https:\/\/www.fagace.org\/nos-representations\/#breadcrumb\",\"itemListElement\":[{\"@type\":\"ListItem\",\"position\":1,\"name\":\"Accueil\",\"item\":\"https:\/\/www.fagace.org\/\"},{\"@type\":\"ListItem\",\"position\":2,\"name\":\"Nos repr\u00e9sentations et Bureaux\"}]},{\"@type\":\"WebSite\",\"@id\":\"https:\/\/www.fagace.org\/#website\",\"url\":\"https:\/\/www.fagace.org\/\",\"name\":\"{:fr}FAGACE{:}{:en}FAGACE{:}\",\"description\":\"\u0645\u0624\u0633\u0633\u0629 \u0645\u0627\u0644\u064a\u0629 \u0641\u064a \u062e\u062f\u0645\u0629 \u0627\u0644\u062a\u0646\u0645\u064a\u0629 \u0641\u064a \u0623\u0641\u0631\u064a\u0642\u064a\u0627\",\"publisher\":{\"@id\":\"https:\/\/www.fagace.org\/#organization\"},\"potentialAction\":[{\"@type\":\"SearchAction\",\"target\":{\"@type\":\"EntryPoint\",\"urlTemplate\":\"https:\/\/www.fagace.org\/?s={search_term_string}\"},\"query-input\":\"required name=search_term_string\"}],\"inLanguage\":\"ar\"},{\"@type\":\"Organization\",\"@id\":\"https:\/\/www.fagace.org\/#organization\",\"name\":\"{:fr}Fonds Africain de Garantie et de Coop\u00e9ration Economique{:}{:en}African Guarantee and Economic Cooperation Fund{:}\",\"url\":\"https:\/\/www.fagace.org\/\",\"logo\":{\"@type\":\"ImageObject\",\"inLanguage\":\"ar\",\"@id\":\"https:\/\/www.fagace.org\/#\/schema\/logo\/image\/\",\"url\":\"https:\/\/www.fagace.org\/wp-content\/uploads\/2024\/04\/2003.jpg\",\"contentUrl\":\"https:\/\/www.fagace.org\/wp-content\/uploads\/2024\/04\/2003.jpg\",\"width\":580,\"height\":580,\"caption\":\"{:fr}Fonds Africain de Garantie et de Coop\u00e9ration Economique{:}{:en}African Guarantee and Economic Cooperation Fund{:}\"},\"image\":{\"@id\":\"https:\/\/www.fagace.org\/#\/schema\/logo\/image\/\"},\"sameAs\":[\"https:\/\/www.facebook.com\/fagaceorg\",\"https:\/\/x.com\/Fagace_Officiel\"]}]}<\/script>\n<!-- \/ Yoast SEO plugin. -->","yoast_head_json":{"title":"\u062a\u0645\u062b\u064a\u0644\u0646\u0627 - FAGACE","robots":{"index":"index","follow":"follow","max-snippet":"max-snippet:-1","max-image-preview":"max-image-preview:large","max-video-preview":"max-video-preview:-1"},"canonical":"https:\/\/www.fagace.org\/nos-representations\/","og_locale":"ar_AR","og_type":"article","og_title":"\u062a\u0645\u062b\u064a\u0644\u0646\u0627 - FAGACE","og_url":"https:\/\/www.fagace.org\/nos-representations\/","og_site_name":"FAGACE","article_publisher":"https:\/\/www.facebook.com\/fagaceorg","article_modified_time":"2025-07-10T17:17:03+00:00","og_image":[{"url":"https:\/\/www.fagace.org\/wp-content\/uploads\/2023\/06\/bg_representationSiegeFAGACE-min.png"}],"twitter_card":"summary_large_image","twitter_site":"@Fagace_Officiel","twitter_misc":{"Est. reading time":"3 minutes"},"schema":{"@context":"https:\/\/schema.org","@graph":[{"@type":"WebPage","@id":"https:\/\/www.fagace.org\/nos-representations\/","url":"https:\/\/www.fagace.org\/nos-representations\/","name":"\u062a\u0645\u062b\u064a\u0644\u0646\u0627 - FAGACE","isPartOf":{"@id":"https:\/\/www.fagace.org\/#website"},"primaryImageOfPage":{"@id":"https:\/\/www.fagace.org\/nos-representations\/#primaryimage"},"image":{"@id":"https:\/\/www.fagace.org\/nos-representations\/#primaryimage"},"thumbnailUrl":"https:\/\/www.fagace.org\/wp-content\/uploads\/2023\/06\/bg_representationSiegeFAGACE-min.png","datePublished":"2023-06-03T15:25:47+00:00","dateModified":"2025-07-10T17:17:03+00:00","breadcrumb":{"@id":"https:\/\/www.fagace.org\/nos-representations\/#breadcrumb"},"inLanguage":"ar","potentialAction":[{"@type":"ReadAction","target":["https:\/\/www.fagace.org\/nos-representations\/"]}]},{"@type":"ImageObject","inLanguage":"ar","@id":"https:\/\/www.fagace.org\/nos-representations\/#primaryimage","url":"https:\/\/www.fagace.org\/wp-content\/uploads\/2023\/06\/bg_representationSiegeFAGACE-min.png","contentUrl":"https:\/\/www.fagace.org\/wp-content\/uploads\/2023\/06\/bg_representationSiegeFAGACE-min.png"},{"@type":"BreadcrumbList","@id":"https:\/\/www.fagace.org\/nos-representations\/#breadcrumb","itemListElement":[{"@type":"ListItem","position":1,"name":"Accueil","item":"https:\/\/www.fagace.org\/"},{"@type":"ListItem","position":2,"name":"Nos repr\u00e9sentations et Bureaux"}]},{"@type":"WebSite","@id":"https:\/\/www.fagace.org\/#website","url":"https:\/\/www.fagace.org\/","name":"{:fr}FAGACE{:}{:en}FAGACE{:}","description":"\u0645\u0624\u0633\u0633\u0629 \u0645\u0627\u0644\u064a\u0629 \u0641\u064a \u062e\u062f\u0645\u0629 \u0627\u0644\u062a\u0646\u0645\u064a\u0629 \u0641\u064a \u0623\u0641\u0631\u064a\u0642\u064a\u0627","publisher":{"@id":"https:\/\/www.fagace.org\/#organization"},"potentialAction":[{"@type":"SearchAction","target":{"@type":"EntryPoint","urlTemplate":"https:\/\/www.fagace.org\/?s={search_term_string}"},"query-input":"required name=search_term_string"}],"inLanguage":"ar"},{"@type":"Organization","@id":"https:\/\/www.fagace.org\/#organization","name":"{:fr}Fonds Africain de Garantie et de Coop\u00e9ration Economique{:}{:en}African Guarantee and Economic Cooperation Fund{:}","url":"https:\/\/www.fagace.org\/","logo":{"@type":"ImageObject","inLanguage":"ar","@id":"https:\/\/www.fagace.org\/#\/schema\/logo\/image\/","url":"https:\/\/www.fagace.org\/wp-content\/uploads\/2024\/04\/2003.jpg","contentUrl":"https:\/\/www.fagace.org\/wp-content\/uploads\/2024\/04\/2003.jpg","width":580,"height":580,"caption":"{:fr}Fonds Africain de Garantie et de Coop\u00e9ration Economique{:}{:en}African Guarantee and Economic Cooperation Fund{:}"},"image":{"@id":"https:\/\/www.fagace.org\/#\/schema\/logo\/image\/"},"sameAs":["https:\/\/www.facebook.com\/fagaceorg","https:\/\/x.com\/Fagace_Officiel"]}]}},"ticketed":false,"_links":{"self":[{"href":"https:\/\/www.fagace.org\/ar\/wp-json\/wp\/v2\/pages\/7396","targetHints":{"allow":["GET"]}}],"collection":[{"href":"https:\/\/www.fagace.org\/ar\/wp-json\/wp\/v2\/pages"}],"about":[{"href":"https:\/\/www.fagace.org\/ar\/wp-json\/wp\/v2\/types\/page"}],"author":[{"embeddable":true,"href":"https:\/\/www.fagace.org\/ar\/wp-json\/wp\/v2\/users\/1"}],"replies":[{"embeddable":true,"href":"https:\/\/www.fagace.org\/ar\/wp-json\/wp\/v2\/comments?post=7396"}],"version-history":[{"count":372,"href":"https:\/\/www.fagace.org\/ar\/wp-json\/wp\/v2\/pages\/7396\/revisions"}],"predecessor-version":[{"id":21392,"href":"https:\/\/www.fagace.org\/ar\/wp-json\/wp\/v2\/pages\/7396\/revisions\/21392"}],"wp:attachment":[{"href":"https:\/\/www.fagace.org\/ar\/wp-json\/wp\/v2\/media?parent=7396"}],"curies":[{"name":"wp","href":"https:\/\/api.w.org\/{rel}","templated":true}]}}