{"id":8109,"date":"2023-06-18T16:28:23","date_gmt":"2023-06-18T14:28:23","guid":{"rendered":"https:\/\/www.fagace.org\/?page_id=8109"},"modified":"2024-05-20T22:03:11","modified_gmt":"2024-05-20T20:03:11","slug":"contactez-nous","status":"publish","type":"page","link":"https:\/\/www.fagace.org\/ar\/contactez-nous\/","title":{"rendered":"\u0627\u062a\u0635\u0644 \u0628\u0646\u0627"},"content":{"rendered":"<h3>\n                            <i><\/i><br \/>\n                        \u0627\u062a\u0635\u0644 \u0628\u0646\u0627<br \/>\n            <\/h3>\n<p>\u0647\u0644 \u062a\u0631\u064a\u062f \u0627\u0644\u062a\u0648\u0627\u0635\u0644 \u0645\u0639 FAGACE\u061f \u0631\u0627\u0633\u0644\u0646\u0627 \u0628\u0627\u0633\u062a\u062e\u062f\u0627\u0645 \u0647\u0630\u0627 \u0627\u0644\u0646\u0645\u0648\u0630\u062c \u0648\u0633\u064a\u0633\u0639\u062f\u0646\u0627 \u0627\u0644\u0631\u062f \u0639\u0644\u064a\u0643.<\/p>\n<h3>\n            \u0627\u0644\u0645\u0642\u0631 \u0627\u0644\u0631\u0626\u064a\u0633\u064a \u0644\u0634\u0631\u0643\u0629 FAGACE        <\/h3>\n<p>        298, Boulevard CEN-SAD Rue 12 044<\/p>\n<h3>\n            \u0627\u0644\u0647\u0627\u062a\u0641        <\/h3>\n<p>        (+229) 97 97 97 30<br \/>\n(+229)  94 01 37 20<br \/>\n(+229) 21 30 03 76<\/p>\n<h3>\n            \u0627\u0644\u0628\u0631\u064a\u062f \u0627\u0644\u0625\u0644\u0643\u062a\u0631\u0648\u0646\u064a        <\/h3>\n<p>        courriel.fagace@fagace.org<\/p>\n<p role=\"status\" aria-live=\"polite\" aria-atomic=\"true\">\n<ul><\/ul>\n<form action=\"\/wp-admin\/admin-ajax.php#wpcf7-f8149-o1\" method=\"post\" aria-label=\"Contact form\" novalidate=\"novalidate\" data-status=\"init\">\n<input type=\"hidden\" name=\"_wpcf7\" value=\"8149\" \/><br \/>\n<input type=\"hidden\" name=\"_wpcf7_version\" value=\"5.7.5.1\" \/><br \/>\n<input type=\"hidden\" name=\"_wpcf7_locale\" value=\"en_US\" \/><br \/>\n<input type=\"hidden\" name=\"_wpcf7_unit_tag\" value=\"wpcf7-f8149-o1\" \/><br \/>\n<input type=\"hidden\" name=\"_wpcf7_container_post\" value=\"0\" \/><br \/>\n<input type=\"hidden\" name=\"_wpcf7_posted_data_hash\" value=\"\" \/><br \/>\n<input type=\"hidden\" name=\"_wpcf7_recaptcha_response\" value=\"\" \/><\/p>\n<p><select aria-required=\"true\" aria-invalid=\"false\" name=\"your-civilite\"><option value=\"Civilit\u00e9\">Civilit\u00e9<\/option><option value=\"Mr\">Mr<\/option><option value=\"Mme\">Mme<\/option><option value=\"Mlle\">Mlle<\/option><\/select>\n\t\t<\/p>\n<p><input size=\"40\" aria-required=\"true\" aria-invalid=\"false\" placeholder=\"Nom *\" value=\"\" type=\"text\" name=\"first-name\" \/>\n\t\t<\/p>\n<p><input size=\"40\" aria-required=\"true\" aria-invalid=\"false\" placeholder=\"Pr\u00e9noms *\" value=\"\" type=\"text\" name=\"last-name\" \/>\n\t\t<\/p>\n<p><input size=\"40\" aria-required=\"true\" aria-invalid=\"false\" placeholder=\"Email *\" value=\"\" type=\"email\" name=\"your-email\" \/>\n\t\t<\/p>\n<p><input size=\"40\" aria-required=\"true\" aria-invalid=\"false\" placeholder=\"Telephone *\" value=\"\" type=\"text\" name=\"your-phone\" \/>\n\t\t<\/p>\n<p><input size=\"40\" aria-required=\"true\" aria-invalid=\"false\" placeholder=\"Objet*\" value=\"\" type=\"text\" name=\"votre-objet\" \/>\n\t\t<\/p>\n<p><select aria-required=\"true\" aria-invalid=\"false\" name=\"your-departement\"><option value=\"D\u00e9partement\">D\u00e9partement<\/option><option value=\"FAGACE\">FAGACE<\/option><option value=\"Direction G\u00e9n\u00e9rale\">Direction G\u00e9n\u00e9rale<\/option><option value=\"Secr\u00e9tariat G\u00e9n\u00e9ral\">Secr\u00e9tariat G\u00e9n\u00e9ral<\/option><option value=\"Division Informatique et Gestion du Num\u00e9rique\">Division Informatique et Gestion du Num\u00e9rique<\/option><option value=\"Direction Finance et Comptable\">Direction Finance et Comptable<\/option><option value=\"Direction de la Gestion et des Risques\">Direction de la Gestion et des Risques<\/option><option value=\"Direction des Op\u00e9rations et du Marketing\">Direction des Op\u00e9rations et du Marketing<\/option><option value=\"Direction de l\u2019Administration G\u00e9n\u00e9rale\">Direction de l\u2019Administration G\u00e9n\u00e9rale<\/option><\/select>\n\t\t<\/p>\n<p><textarea cols=\"40\" rows=\"10\" aria-required=\"true\" aria-invalid=\"false\" placeholder=\"Votre message...\" name=\"your-message\"><\/textarea>\n\t\t<\/p>\n<p><button type=\"submit\">Envoyer<\/button>\n\t\t<\/p>\n<\/form>\n<p>\t\t\t<iframe style=\"height:100%;width:100%;border:0;\" frameborder=\"0\" src=\"https:\/\/www.google.com\/maps\/embed\/v1\/place?q=FAGACE,+Cotonou,+B\u00e9nin&#038;key=AIzaSyBFw0Qbyq9zTFTd-tUY6dZWTgaQzuU17R8\"><\/iframe><a href=\"https:\/\/www.bootstrapskins.com\/themes\" id=\"enable-map-info\">premium bootstrap themes<\/a><\/p>\n<style>#gmap-canvas .text-marker{}.map-generator{max-width: 100%; max-height: 100%; background: none;<\/style>\n","protected":false},"excerpt":{"rendered":"<p>\u0627\u062a\u0635\u0644 \u0628\u0646\u0627 \u0647\u0644 \u062a\u0631\u064a\u062f \u0627\u0644\u062a\u0648\u0627\u0635\u0644 \u0645\u0639 FAGACE\u061f \u0631\u0627\u0633\u0644\u0646\u0627 \u0628\u0627\u0633\u062a\u062e\u062f\u0627\u0645 \u0647\u0630\u0627 \u0627\u0644\u0646\u0645\u0648\u0630\u062c \u0648\u0633\u064a\u0633\u0639\u062f\u0646\u0627 \u0627\u0644\u0631\u062f \u0639\u0644\u064a\u0643. \u0627\u0644\u0645\u0642\u0631 \u0627\u0644\u0631\u0626\u064a\u0633\u064a \u0644\u0634\u0631\u0643\u0629 FAGACE 298, Boulevard CEN-SAD Rue 12 044 \u0627\u0644\u0647\u0627\u062a\u0641 (+229) 97 97 97 30 [&hellip;]<\/p>\n","protected":false},"author":1,"featured_media":0,"parent":0,"menu_order":0,"comment_status":"closed","ping_status":"closed","template":"","meta":{"_themeisle_gutenberg_block_has_review":false,"footnotes":""},"class_list":["post-8109","page","type-page","status-publish","hentry"],"translation":{"provider":"WPGlobus","version":"2.10.10","language":"ar","enabled_languages":["fr","en","ar","pt"],"languages":{"fr":{"title":true,"content":true,"excerpt":false},"en":{"title":true,"content":true,"excerpt":false},"ar":{"title":true,"content":true,"excerpt":false},"pt":{"title":true,"content":true,"excerpt":false}}},"yoast_head":"<!-- This site is optimized with the Yoast SEO plugin v22.7 - https:\/\/yoast.com\/wordpress\/plugins\/seo\/ -->\n<title>\u0627\u062a\u0635\u0644 \u0628\u0646\u0627 - FAGACE<\/title>\n<meta name=\"robots\" content=\"index, follow, max-snippet:-1, max-image-preview:large, max-video-preview:-1\" \/>\n<link rel=\"canonical\" href=\"https:\/\/www.fagace.org\/contactez-nous\/\" \/>\n<meta property=\"og:locale\" content=\"ar_AR\" \/>\n<meta property=\"og:type\" content=\"article\" \/>\n<meta property=\"og:title\" content=\"\u0627\u062a\u0635\u0644 \u0628\u0646\u0627 - FAGACE\" \/>\n<meta property=\"og:url\" content=\"https:\/\/www.fagace.org\/contactez-nous\/\" \/>\n<meta property=\"og:site_name\" content=\"FAGACE\" \/>\n<meta property=\"article:publisher\" content=\"https:\/\/www.facebook.com\/fagaceorg\" \/>\n<meta property=\"article:modified_time\" content=\"2024-05-20T20:03:11+00:00\" \/>\n<meta name=\"twitter:card\" content=\"summary_large_image\" \/>\n<meta name=\"twitter:site\" content=\"@Fagace_Officiel\" \/>\n<meta name=\"twitter:label1\" content=\"Est. reading time\" \/>\n\t<meta name=\"twitter:data1\" content=\"1 minute\" \/>\n<script type=\"application\/ld+json\" class=\"yoast-schema-graph\">{\"@context\":\"https:\/\/schema.org\",\"@graph\":[{\"@type\":\"WebPage\",\"@id\":\"https:\/\/www.fagace.org\/contactez-nous\/\",\"url\":\"https:\/\/www.fagace.org\/contactez-nous\/\",\"name\":\"\u0627\u062a\u0635\u0644 \u0628\u0646\u0627 - FAGACE\",\"isPartOf\":{\"@id\":\"https:\/\/www.fagace.org\/#website\"},\"datePublished\":\"2023-06-18T14:28:23+00:00\",\"dateModified\":\"2024-05-20T20:03:11+00:00\",\"breadcrumb\":{\"@id\":\"https:\/\/www.fagace.org\/contactez-nous\/#breadcrumb\"},\"inLanguage\":\"ar\",\"potentialAction\":[{\"@type\":\"ReadAction\",\"target\":[\"https:\/\/www.fagace.org\/contactez-nous\/\"]}]},{\"@type\":\"BreadcrumbList\",\"@id\":\"https:\/\/www.fagace.org\/contactez-nous\/#breadcrumb\",\"itemListElement\":[{\"@type\":\"ListItem\",\"position\":1,\"name\":\"Accueil\",\"item\":\"https:\/\/www.fagace.org\/\"},{\"@type\":\"ListItem\",\"position\":2,\"name\":\"Contactez-nous\"}]},{\"@type\":\"WebSite\",\"@id\":\"https:\/\/www.fagace.org\/#website\",\"url\":\"https:\/\/www.fagace.org\/\",\"name\":\"{:fr}FAGACE{:}{:en}FAGACE{:}\",\"description\":\"\u0645\u0624\u0633\u0633\u0629 \u0645\u0627\u0644\u064a\u0629 \u0641\u064a \u062e\u062f\u0645\u0629 \u0627\u0644\u062a\u0646\u0645\u064a\u0629 \u0641\u064a \u0623\u0641\u0631\u064a\u0642\u064a\u0627\",\"publisher\":{\"@id\":\"https:\/\/www.fagace.org\/#organization\"},\"potentialAction\":[{\"@type\":\"SearchAction\",\"target\":{\"@type\":\"EntryPoint\",\"urlTemplate\":\"https:\/\/www.fagace.org\/?s={search_term_string}\"},\"query-input\":\"required name=search_term_string\"}],\"inLanguage\":\"ar\"},{\"@type\":\"Organization\",\"@id\":\"https:\/\/www.fagace.org\/#organization\",\"name\":\"{:fr}Fonds Africain de Garantie et de Coop\u00e9ration Economique{:}{:en}African Guarantee and Economic Cooperation Fund{:}\",\"url\":\"https:\/\/www.fagace.org\/\",\"logo\":{\"@type\":\"ImageObject\",\"inLanguage\":\"ar\",\"@id\":\"https:\/\/www.fagace.org\/#\/schema\/logo\/image\/\",\"url\":\"https:\/\/www.fagace.org\/wp-content\/uploads\/2024\/04\/2003.jpg\",\"contentUrl\":\"https:\/\/www.fagace.org\/wp-content\/uploads\/2024\/04\/2003.jpg\",\"width\":580,\"height\":580,\"caption\":\"{:fr}Fonds Africain de Garantie et de Coop\u00e9ration Economique{:}{:en}African Guarantee and Economic Cooperation Fund{:}\"},\"image\":{\"@id\":\"https:\/\/www.fagace.org\/#\/schema\/logo\/image\/\"},\"sameAs\":[\"https:\/\/www.facebook.com\/fagaceorg\",\"https:\/\/x.com\/Fagace_Officiel\"]}]}<\/script>\n<!-- \/ Yoast SEO plugin. -->","yoast_head_json":{"title":"\u0627\u062a\u0635\u0644 \u0628\u0646\u0627 - FAGACE","robots":{"index":"index","follow":"follow","max-snippet":"max-snippet:-1","max-image-preview":"max-image-preview:large","max-video-preview":"max-video-preview:-1"},"canonical":"https:\/\/www.fagace.org\/contactez-nous\/","og_locale":"ar_AR","og_type":"article","og_title":"\u0627\u062a\u0635\u0644 \u0628\u0646\u0627 - FAGACE","og_url":"https:\/\/www.fagace.org\/contactez-nous\/","og_site_name":"FAGACE","article_publisher":"https:\/\/www.facebook.com\/fagaceorg","article_modified_time":"2024-05-20T20:03:11+00:00","twitter_card":"summary_large_image","twitter_site":"@Fagace_Officiel","twitter_misc":{"Est. reading time":"1 minute"},"schema":{"@context":"https:\/\/schema.org","@graph":[{"@type":"WebPage","@id":"https:\/\/www.fagace.org\/contactez-nous\/","url":"https:\/\/www.fagace.org\/contactez-nous\/","name":"\u0627\u062a\u0635\u0644 \u0628\u0646\u0627 - FAGACE","isPartOf":{"@id":"https:\/\/www.fagace.org\/#website"},"datePublished":"2023-06-18T14:28:23+00:00","dateModified":"2024-05-20T20:03:11+00:00","breadcrumb":{"@id":"https:\/\/www.fagace.org\/contactez-nous\/#breadcrumb"},"inLanguage":"ar","potentialAction":[{"@type":"ReadAction","target":["https:\/\/www.fagace.org\/contactez-nous\/"]}]},{"@type":"BreadcrumbList","@id":"https:\/\/www.fagace.org\/contactez-nous\/#breadcrumb","itemListElement":[{"@type":"ListItem","position":1,"name":"Accueil","item":"https:\/\/www.fagace.org\/"},{"@type":"ListItem","position":2,"name":"Contactez-nous"}]},{"@type":"WebSite","@id":"https:\/\/www.fagace.org\/#website","url":"https:\/\/www.fagace.org\/","name":"{:fr}FAGACE{:}{:en}FAGACE{:}","description":"\u0645\u0624\u0633\u0633\u0629 \u0645\u0627\u0644\u064a\u0629 \u0641\u064a \u062e\u062f\u0645\u0629 \u0627\u0644\u062a\u0646\u0645\u064a\u0629 \u0641\u064a \u0623\u0641\u0631\u064a\u0642\u064a\u0627","publisher":{"@id":"https:\/\/www.fagace.org\/#organization"},"potentialAction":[{"@type":"SearchAction","target":{"@type":"EntryPoint","urlTemplate":"https:\/\/www.fagace.org\/?s={search_term_string}"},"query-input":"required name=search_term_string"}],"inLanguage":"ar"},{"@type":"Organization","@id":"https:\/\/www.fagace.org\/#organization","name":"{:fr}Fonds Africain de Garantie et de Coop\u00e9ration Economique{:}{:en}African Guarantee and Economic Cooperation Fund{:}","url":"https:\/\/www.fagace.org\/","logo":{"@type":"ImageObject","inLanguage":"ar","@id":"https:\/\/www.fagace.org\/#\/schema\/logo\/image\/","url":"https:\/\/www.fagace.org\/wp-content\/uploads\/2024\/04\/2003.jpg","contentUrl":"https:\/\/www.fagace.org\/wp-content\/uploads\/2024\/04\/2003.jpg","width":580,"height":580,"caption":"{:fr}Fonds Africain de Garantie et de Coop\u00e9ration Economique{:}{:en}African Guarantee and Economic Cooperation Fund{:}"},"image":{"@id":"https:\/\/www.fagace.org\/#\/schema\/logo\/image\/"},"sameAs":["https:\/\/www.facebook.com\/fagaceorg","https:\/\/x.com\/Fagace_Officiel"]}]}},"ticketed":false,"_links":{"self":[{"href":"https:\/\/www.fagace.org\/ar\/wp-json\/wp\/v2\/pages\/8109","targetHints":{"allow":["GET"]}}],"collection":[{"href":"https:\/\/www.fagace.org\/ar\/wp-json\/wp\/v2\/pages"}],"about":[{"href":"https:\/\/www.fagace.org\/ar\/wp-json\/wp\/v2\/types\/page"}],"author":[{"embeddable":true,"href":"https:\/\/www.fagace.org\/ar\/wp-json\/wp\/v2\/users\/1"}],"replies":[{"embeddable":true,"href":"https:\/\/www.fagace.org\/ar\/wp-json\/wp\/v2\/comments?post=8109"}],"version-history":[{"count":88,"href":"https:\/\/www.fagace.org\/ar\/wp-json\/wp\/v2\/pages\/8109\/revisions"}],"predecessor-version":[{"id":17254,"href":"https:\/\/www.fagace.org\/ar\/wp-json\/wp\/v2\/pages\/8109\/revisions\/17254"}],"wp:attachment":[{"href":"https:\/\/www.fagace.org\/ar\/wp-json\/wp\/v2\/media?parent=8109"}],"curies":[{"name":"wp","href":"https:\/\/api.w.org\/{rel}","templated":true}]}}