{"id":8821,"date":"2023-07-10T18:54:05","date_gmt":"2023-07-10T16:54:05","guid":{"rendered":"https:\/\/www.fagace.org\/?page_id=8821"},"modified":"2026-04-12T12:29:13","modified_gmt":"2026-04-12T10:29:13","slug":"mot-du-dg","status":"publish","type":"page","link":"https:\/\/www.fagace.org\/en\/mot-du-dg\/","title":{"rendered":"Message from the President"},"content":{"rendered":"<h3>\n                        Message from the President<br \/>\n            <\/h3>\n<p>FAGACE&#8217;s General Manager gives us a brief overview of FAGACE&#8217;s overall performance and prospects.<\/p>\n<h3>Ngueto Tiraina YAMBAYE<\/h3>\n<p>\t\t\t\tPresident of FAGACE<\/p>\n<ul>\n\t\t\t\t\t\t\t\t\t\t\t<\/ul>\n<p>\t\t\t\t\t\t\t\t            \t\t\t                <a href=\"#\"><br \/>\n\t\t\t                    \t\t\t                    \t\t\t                <\/a><\/p>\n<p><strong>Bienvenue sur le nouveau site web du FAGACE !<\/strong><\/p>\n<p style=\"text-align: justify;\">C\u2019est avec un r\u00e9el plaisir que nous vous pr\u00e9sentons le nouveau site web du Fonds Africain de Garantie et de Coop\u00e9ration Economique (FAGACE).<\/p>\n<p style=\"text-align: justify;\">Conform\u00e9ment \u00e0 son plan strat\u00e9gique 2021 \u2013 2025 \u00abTHE NEW MOMENTUM\u00bb, le FAGACE se transforme, \u00a0se modernise pour mieux r\u00e9pondre aux attentes du march\u00e9.<\/p>\n<p style=\"text-align: justify;\">Dans ce cadre, le Fonds \u00e9labore et met en \u0153uvre les m\u00e9canismes facilitant le financement et la r\u00e9alisation de diff\u00e9rentes mesures de politiques favorisant la transformation structurelle de l\u2019\u00e9conomie de ses pays membres.<\/p>\n<p style=\"text-align: justify;\">Aussi, pour une meilleure lisibilit\u00e9 de ses offres, le FAGACE s\u2019engage \u00e0 am\u00e9liorer ses interactions avec toutes les parties prenantes \u00e0 son activit\u00e9 : les Etats membres, les institutions financi\u00e8res (banques et Soci\u00e9t\u00e9s de Gestion et d\u2019Interm\u00e9diation), les op\u00e9rateurs \u00e9conomiques, le public en g\u00e9n\u00e9ral.<\/p>\n<p style=\"text-align: justify;\">Notre engagement \u00e0 promouvoir la croissance \u00e9conomique et \u00e0 faciliter l&#8217;acc\u00e8s aux ressources financi\u00e8res en Afrique reste au c\u0153ur de notre mission.<\/p>\n<p>Sur ce nouveau site, vous trouverez :<\/p>\n<p style=\"text-align: justify;\">&#8211; des informations compl\u00e8tes sur nos services de garantie et d&#8217;assistance technique\u00a0;<\/p>\n<p style=\"text-align: justify;\">&#8211; les derni\u00e8res actualit\u00e9s et \u00e9v\u00e9nements du FAGACE\u00a0;<\/p>\n<p>&#8211; et nos offres.<\/p>\n<p style=\"text-align: justify;\">Nous esp\u00e9rons que ce nouveau site web plus informatif et convivial r\u00e9pondra \u00e0 vos questions et besoins sp\u00e9cifiques.<\/p>\n<p style=\"text-align: justify;\">N\u2019h\u00e9sitez pas \u00e0 nous faire part de vos observations ou suggestions pour une am\u00e9lioration continue de votre exp\u00e9rience d\u2019interaction num\u00e9rique avec le Fonds.<\/p>\n<p>Bonne navigation,<\/p>\n<p>\u00a0<\/p>\n<p style=\"text-align: center;\"><strong>Ngueto Tira\u00efna YAMBAYE<br \/>Directeur G\u00e9n\u00e9ral, FAGACE<\/strong><\/p>\n","protected":false},"excerpt":{"rendered":"<p>Message from the President FAGACE&#8217;s General Manager gives us a brief overview of FAGACE&#8217;s overall performance and prospects. Ngueto Tiraina YAMBAYE President of FAGACE Bienvenue sur le nouveau site web [&hellip;]<\/p>\n","protected":false},"author":1,"featured_media":0,"parent":0,"menu_order":0,"comment_status":"closed","ping_status":"closed","template":"","meta":{"_themeisle_gutenberg_block_has_review":false,"footnotes":""},"class_list":["post-8821","page","type-page","status-publish","hentry"],"translation":{"provider":"WPGlobus","version":"2.10.10","language":"en","enabled_languages":["fr","en","ar","pt"],"languages":{"fr":{"title":true,"content":true,"excerpt":false},"en":{"title":true,"content":true,"excerpt":false},"ar":{"title":true,"content":false,"excerpt":false},"pt":{"title":true,"content":true,"excerpt":false}}},"yoast_head":"<!-- This site is optimized with the Yoast SEO plugin v22.7 - https:\/\/yoast.com\/wordpress\/plugins\/seo\/ -->\n<title>Message from the President - FAGACE<\/title>\n<meta name=\"robots\" content=\"index, follow, max-snippet:-1, max-image-preview:large, max-video-preview:-1\" \/>\n<link rel=\"canonical\" href=\"https:\/\/www.fagace.org\/mot-du-dg\/\" \/>\n<meta property=\"og:locale\" content=\"en_US\" \/>\n<meta property=\"og:type\" content=\"article\" \/>\n<meta property=\"og:title\" content=\"Message from the President - FAGACE\" \/>\n<meta property=\"og:url\" content=\"https:\/\/www.fagace.org\/mot-du-dg\/\" \/>\n<meta property=\"og:site_name\" content=\"FAGACE\" \/>\n<meta property=\"article:publisher\" content=\"https:\/\/www.facebook.com\/fagaceorg\" \/>\n<meta property=\"article:modified_time\" content=\"2026-04-12T10:29:13+00:00\" \/>\n<meta name=\"twitter:card\" content=\"summary_large_image\" \/>\n<meta name=\"twitter:site\" content=\"@Fagace_Officiel\" \/>\n<meta name=\"twitter:label1\" content=\"Est. reading time\" \/>\n\t<meta name=\"twitter:data1\" content=\"2 minutes\" \/>\n<script type=\"application\/ld+json\" class=\"yoast-schema-graph\">{\"@context\":\"https:\/\/schema.org\",\"@graph\":[{\"@type\":\"WebPage\",\"@id\":\"https:\/\/www.fagace.org\/mot-du-dg\/\",\"url\":\"https:\/\/www.fagace.org\/mot-du-dg\/\",\"name\":\"Message from the President - FAGACE\",\"isPartOf\":{\"@id\":\"https:\/\/www.fagace.org\/#website\"},\"datePublished\":\"2023-07-10T16:54:05+00:00\",\"dateModified\":\"2026-04-12T10:29:13+00:00\",\"breadcrumb\":{\"@id\":\"https:\/\/www.fagace.org\/mot-du-dg\/#breadcrumb\"},\"inLanguage\":\"en-US\",\"potentialAction\":[{\"@type\":\"ReadAction\",\"target\":[\"https:\/\/www.fagace.org\/mot-du-dg\/\"]}]},{\"@type\":\"BreadcrumbList\",\"@id\":\"https:\/\/www.fagace.org\/mot-du-dg\/#breadcrumb\",\"itemListElement\":[{\"@type\":\"ListItem\",\"position\":1,\"name\":\"Accueil\",\"item\":\"https:\/\/www.fagace.org\/\"},{\"@type\":\"ListItem\",\"position\":2,\"name\":\"Mot du Pr\u00e9sident\"}]},{\"@type\":\"WebSite\",\"@id\":\"https:\/\/www.fagace.org\/#website\",\"url\":\"https:\/\/www.fagace.org\/\",\"name\":\"{:fr}FAGACE{:}{:en}FAGACE{:}\",\"description\":\"A Financial Institution at the Service of Development in Africa\",\"publisher\":{\"@id\":\"https:\/\/www.fagace.org\/#organization\"},\"potentialAction\":[{\"@type\":\"SearchAction\",\"target\":{\"@type\":\"EntryPoint\",\"urlTemplate\":\"https:\/\/www.fagace.org\/?s={search_term_string}\"},\"query-input\":\"required name=search_term_string\"}],\"inLanguage\":\"en-US\"},{\"@type\":\"Organization\",\"@id\":\"https:\/\/www.fagace.org\/#organization\",\"name\":\"{:fr}Fonds Africain de Garantie et de Coop\u00e9ration Economique{:}{:en}African Guarantee and Economic Cooperation Fund{:}\",\"url\":\"https:\/\/www.fagace.org\/\",\"logo\":{\"@type\":\"ImageObject\",\"inLanguage\":\"en-US\",\"@id\":\"https:\/\/www.fagace.org\/#\/schema\/logo\/image\/\",\"url\":\"https:\/\/www.fagace.org\/wp-content\/uploads\/2024\/04\/2003.jpg\",\"contentUrl\":\"https:\/\/www.fagace.org\/wp-content\/uploads\/2024\/04\/2003.jpg\",\"width\":580,\"height\":580,\"caption\":\"{:fr}Fonds Africain de Garantie et de Coop\u00e9ration Economique{:}{:en}African Guarantee and Economic Cooperation Fund{:}\"},\"image\":{\"@id\":\"https:\/\/www.fagace.org\/#\/schema\/logo\/image\/\"},\"sameAs\":[\"https:\/\/www.facebook.com\/fagaceorg\",\"https:\/\/x.com\/Fagace_Officiel\"]}]}<\/script>\n<!-- \/ Yoast SEO plugin. -->","yoast_head_json":{"title":"Message from the President - FAGACE","robots":{"index":"index","follow":"follow","max-snippet":"max-snippet:-1","max-image-preview":"max-image-preview:large","max-video-preview":"max-video-preview:-1"},"canonical":"https:\/\/www.fagace.org\/mot-du-dg\/","og_locale":"en_US","og_type":"article","og_title":"Message from the President - FAGACE","og_url":"https:\/\/www.fagace.org\/mot-du-dg\/","og_site_name":"FAGACE","article_publisher":"https:\/\/www.facebook.com\/fagaceorg","article_modified_time":"2026-04-12T10:29:13+00:00","twitter_card":"summary_large_image","twitter_site":"@Fagace_Officiel","twitter_misc":{"Est. reading time":"2 minutes"},"schema":{"@context":"https:\/\/schema.org","@graph":[{"@type":"WebPage","@id":"https:\/\/www.fagace.org\/mot-du-dg\/","url":"https:\/\/www.fagace.org\/mot-du-dg\/","name":"Message from the President - FAGACE","isPartOf":{"@id":"https:\/\/www.fagace.org\/#website"},"datePublished":"2023-07-10T16:54:05+00:00","dateModified":"2026-04-12T10:29:13+00:00","breadcrumb":{"@id":"https:\/\/www.fagace.org\/mot-du-dg\/#breadcrumb"},"inLanguage":"en-US","potentialAction":[{"@type":"ReadAction","target":["https:\/\/www.fagace.org\/mot-du-dg\/"]}]},{"@type":"BreadcrumbList","@id":"https:\/\/www.fagace.org\/mot-du-dg\/#breadcrumb","itemListElement":[{"@type":"ListItem","position":1,"name":"Accueil","item":"https:\/\/www.fagace.org\/"},{"@type":"ListItem","position":2,"name":"Mot du Pr\u00e9sident"}]},{"@type":"WebSite","@id":"https:\/\/www.fagace.org\/#website","url":"https:\/\/www.fagace.org\/","name":"{:fr}FAGACE{:}{:en}FAGACE{:}","description":"A Financial Institution at the Service of Development in Africa","publisher":{"@id":"https:\/\/www.fagace.org\/#organization"},"potentialAction":[{"@type":"SearchAction","target":{"@type":"EntryPoint","urlTemplate":"https:\/\/www.fagace.org\/?s={search_term_string}"},"query-input":"required name=search_term_string"}],"inLanguage":"en-US"},{"@type":"Organization","@id":"https:\/\/www.fagace.org\/#organization","name":"{:fr}Fonds Africain de Garantie et de Coop\u00e9ration Economique{:}{:en}African Guarantee and Economic Cooperation Fund{:}","url":"https:\/\/www.fagace.org\/","logo":{"@type":"ImageObject","inLanguage":"en-US","@id":"https:\/\/www.fagace.org\/#\/schema\/logo\/image\/","url":"https:\/\/www.fagace.org\/wp-content\/uploads\/2024\/04\/2003.jpg","contentUrl":"https:\/\/www.fagace.org\/wp-content\/uploads\/2024\/04\/2003.jpg","width":580,"height":580,"caption":"{:fr}Fonds Africain de Garantie et de Coop\u00e9ration Economique{:}{:en}African Guarantee and Economic Cooperation Fund{:}"},"image":{"@id":"https:\/\/www.fagace.org\/#\/schema\/logo\/image\/"},"sameAs":["https:\/\/www.facebook.com\/fagaceorg","https:\/\/x.com\/Fagace_Officiel"]}]}},"ticketed":false,"_links":{"self":[{"href":"https:\/\/www.fagace.org\/en\/wp-json\/wp\/v2\/pages\/8821","targetHints":{"allow":["GET"]}}],"collection":[{"href":"https:\/\/www.fagace.org\/en\/wp-json\/wp\/v2\/pages"}],"about":[{"href":"https:\/\/www.fagace.org\/en\/wp-json\/wp\/v2\/types\/page"}],"author":[{"embeddable":true,"href":"https:\/\/www.fagace.org\/en\/wp-json\/wp\/v2\/users\/1"}],"replies":[{"embeddable":true,"href":"https:\/\/www.fagace.org\/en\/wp-json\/wp\/v2\/comments?post=8821"}],"version-history":[{"count":152,"href":"https:\/\/www.fagace.org\/en\/wp-json\/wp\/v2\/pages\/8821\/revisions"}],"predecessor-version":[{"id":22361,"href":"https:\/\/www.fagace.org\/en\/wp-json\/wp\/v2\/pages\/8821\/revisions\/22361"}],"wp:attachment":[{"href":"https:\/\/www.fagace.org\/en\/wp-json\/wp\/v2\/media?parent=8821"}],"curies":[{"name":"wp","href":"https:\/\/api.w.org\/{rel}","templated":true}]}}