{"id":3500,"date":"2020-02-07T02:17:53","date_gmt":"2020-02-07T02:17:53","guid":{"rendered":"https:\/\/demo.casethemes.net\/consultio-finance2\/?page_id=3500"},"modified":"2020-02-07T02:17:53","modified_gmt":"2020-02-07T02:17:53","slug":"testimonials-v-3","status":"publish","type":"page","link":"https:\/\/www.fagace.org\/pt\/testimonials-v-3\/","title":{"rendered":"Testimonials v.3"},"content":{"rendered":"\t\t<div data-elementor-type=\"wp-page\" data-elementor-id=\"3500\" class=\"elementor elementor-3500\">\n\t\t\t\t\t\t\t        <section class=\"elementor-section elementor-top-section elementor-element elementor-element-37b0d9e8 elementor-section-boxed elementor-section-height-default elementor-section-height-default\" data-id=\"37b0d9e8\" data-element_type=\"section\">\n            \n                        <div class=\"elementor-container elementor-column-gap-extended \">\n                    <div class=\"elementor-column elementor-col-100 elementor-top-column elementor-element elementor-element-7e28c4af\" data-id=\"7e28c4af\" data-element_type=\"column\">\n            <div class=\"elementor-widget-wrap elementor-element-populated\">\n                                <section class=\"elementor-section elementor-inner-section elementor-element elementor-element-7dfaa5c3 elementor-section-content-middle elementor-section-boxed elementor-section-height-default elementor-section-height-default\" data-id=\"7dfaa5c3\" data-element_type=\"section\">\n            \n                        <div class=\"elementor-container elementor-column-gap-extended \">\n                    <div class=\"elementor-column elementor-col-50 elementor-inner-column elementor-element elementor-element-219b9a38\" data-id=\"219b9a38\" data-element_type=\"column\">\n            <div class=\"elementor-widget-wrap elementor-element-populated\">\n                        \t\t<div class=\"elementor-element elementor-element-15ba6390 elementor-widget elementor-widget-ct_heading\" data-id=\"15ba6390\" data-element_type=\"widget\" data-widget_type=\"ct_heading.default\">\n\t\t\t\t<div class=\"elementor-widget-container\">\n\t\t\t<div class=\"ct-heading h-align- wow fadeInLeft sub-style2 ct-heading-left item-st-default\" data-wow-delay=\"ms\">\n\t\t\t<div class=\"item--sub-title style2 show-line\">\n            Testimonial                                <\/div>\n\t    <h3 class=\"item--title st-default\">\n                <span>\n                        It\u2019s always a joy to hear that the work we do, has positively reviews.                    <\/span>\n            <\/h3>\n<\/div>\t\t<\/div>\n\t\t\t\t<\/div>\n\t\t            <\/div>\n        <\/div>\n                <div class=\"elementor-column elementor-col-50 elementor-inner-column elementor-element elementor-element-50757a0d\" data-id=\"50757a0d\" data-element_type=\"column\">\n            <div class=\"elementor-widget-wrap elementor-element-populated\">\n                        \t\t<div class=\"elementor-element elementor-element-ad2eb45 wow fadeInRight elementor-widget elementor-widget-text-editor\" data-id=\"ad2eb45\" data-element_type=\"widget\" data-widget_type=\"text-editor.default\">\n\t\t\t\t<div class=\"elementor-widget-container\">\n\t\t\t<style>\/*! elementor - v3.12.1 - 02-04-2023 *\/\n.elementor-widget-text-editor.elementor-drop-cap-view-stacked .elementor-drop-cap{background-color:#69727d;color:#fff}.elementor-widget-text-editor.elementor-drop-cap-view-framed .elementor-drop-cap{color:#69727d;border:3px solid;background-color:transparent}.elementor-widget-text-editor:not(.elementor-drop-cap-view-default) .elementor-drop-cap{margin-top:8px}.elementor-widget-text-editor:not(.elementor-drop-cap-view-default) .elementor-drop-cap-letter{width:1em;height:1em}.elementor-widget-text-editor .elementor-drop-cap{float:left;text-align:center;line-height:1;font-size:50px}.elementor-widget-text-editor .elementor-drop-cap-letter{display:inline-block}<\/style>\t\t\t\tWe have spent 9 years working for one of Australia\u2019s most\nrecognised and successful retailers so we have many good\nreview of works.\t\t\t\t\t\t<\/div>\n\t\t\t\t<\/div>\n\t\t            <\/div>\n        <\/div>\n                            <\/div>\n        <\/section>\n        \t\t<div class=\"elementor-element elementor-element-19ba640c elementor-widget elementor-widget-ct_testimonial_grid\" data-id=\"19ba640c\" data-element_type=\"widget\" data-widget_type=\"ct_testimonial_grid.default\">\n\t\t\t\t<div class=\"elementor-widget-container\">\n\t\t\t    <div class=\"ct-grid ct-testimonial-grid3\">\n        <div class=\"ct-grid-inner ct-grid-masonry row animate-time\" data-gutter=\"7\">\n                            <div class=\"grid-item col-xl-6 col-lg-6 col-md-6 col-sm-12 col-12\">\n                    <div class=\"item--inner wow fadeInUp\">\n                        <div class=\"item--holder\">\n                                                            <div class=\"item--image\">\n                                    <img loading=\"lazy\" decoding=\"async\" class=\"\" src=\"https:\/\/www.fagace.org\/wp-content\/uploads\/2019\/12\/testimonial-07.jpg\" width=\"130\" height=\"130\" alt=\"testimonial-07\" title=\"testimonial-07\" \/>                                    <div class=\"item--social\">\n                                                                                        <a href=\"#\"><i class=\"fa fa-facebook-square\"><\/i><\/a>\n                                                                                <\/div>\n                                <\/div>\n                                                        <div class=\"item--meta\">\n                                <h3 class=\"item--title\">    \n                                    Donald Johnson                                <\/h3>\n                                <div class=\"item--position\">Executive Manager<\/div>\n                            <\/div>\n                        <\/div>\n                        <div class=\"item--description\">I had the pleasure of working with Consultio as part of a \n6 month \u2018Regional Retail Leadership Program\u2019. Her passion for leadership development is evident to help others.<\/div>\n                        <div class=\"item-rating\">\n                            <i class=\"fac fac-star\"><\/i>\n                            <i class=\"fac fac-star\"><\/i>\n                            <i class=\"fac fac-star\"><\/i>\n                            <i class=\"fac fac-star\"><\/i>\n                            <i class=\"fac fac-star\"><\/i>\n                        <\/div>\n                        <div class=\"item-icon\">\u201c<\/div>\n                   <\/div>\n                <\/div>\n                            <div class=\"grid-item col-xl-6 col-lg-6 col-md-6 col-sm-12 col-12\">\n                    <div class=\"item--inner wow fadeInUp\">\n                        <div class=\"item--holder\">\n                                                            <div class=\"item--image\">\n                                    <img loading=\"lazy\" decoding=\"async\" class=\"\" src=\"https:\/\/www.fagace.org\/wp-content\/uploads\/2019\/11\/testimonial-01.jpg\" width=\"109\" height=\"109\" alt=\"testimonial-01\" title=\"testimonial-01\" \/>                                    <div class=\"item--social\">\n                                                                                        <a href=\"\"><i class=\"fa fa-facebook-square\"><\/i><\/a>\n                                                                                <\/div>\n                                <\/div>\n                                                        <div class=\"item--meta\">\n                                <h3 class=\"item--title\">    \n                                    Kathleen Smith                                <\/h3>\n                                <div class=\"item--position\">SEO Manager<\/div>\n                            <\/div>\n                        <\/div>\n                        <div class=\"item--description\">I had the pleasure of working with Consultio as part of a \n6 month \u2018Regional Retail Leadership Program\u2019. Her passion for leadership development is evident to help others.<\/div>\n                        <div class=\"item-rating\">\n                            <i class=\"fac fac-star\"><\/i>\n                            <i class=\"fac fac-star\"><\/i>\n                            <i class=\"fac fac-star\"><\/i>\n                            <i class=\"fac fac-star\"><\/i>\n                            <i class=\"fac fac-star\"><\/i>\n                        <\/div>\n                        <div class=\"item-icon\">\u201c<\/div>\n                   <\/div>\n                <\/div>\n                            <div class=\"grid-item col-xl-6 col-lg-6 col-md-6 col-sm-12 col-12\">\n                    <div class=\"item--inner wow fadeInUp\">\n                        <div class=\"item--holder\">\n                                                            <div class=\"item--image\">\n                                                                        <div class=\"item--social\">\n                                                                                        <a href=\"\"><i class=\"fa fa-instagram\"><\/i><\/a>\n                                                                                <\/div>\n                                <\/div>\n                                                        <div class=\"item--meta\">\n                                <h3 class=\"item--title\">    \n                                    Jewel D Smith                                <\/h3>\n                                <div class=\"item--position\">Executive Manager<\/div>\n                            <\/div>\n                        <\/div>\n                        <div class=\"item--description\">I had the pleasure of working with Consultio as part of a \n6 month \u2018Regional Retail Leadership Program\u2019. Her passion for leadership development is evident to help others.<\/div>\n                        <div class=\"item-rating\">\n                            <i class=\"fac fac-star\"><\/i>\n                            <i class=\"fac fac-star\"><\/i>\n                            <i class=\"fac fac-star\"><\/i>\n                            <i class=\"fac fac-star\"><\/i>\n                            <i class=\"fac fac-star\"><\/i>\n                        <\/div>\n                        <div class=\"item-icon\">\u201c<\/div>\n                   <\/div>\n                <\/div>\n                            <div class=\"grid-item col-xl-6 col-lg-6 col-md-6 col-sm-12 col-12\">\n                    <div class=\"item--inner wow fadeInUp\">\n                        <div class=\"item--holder\">\n                                                            <div class=\"item--image\">\n                                    <img loading=\"lazy\" decoding=\"async\" class=\"\" src=\"https:\/\/www.fagace.org\/wp-content\/uploads\/2019\/11\/testimonial-04.jpg\" width=\"109\" height=\"109\" alt=\"testimonial-04\" title=\"testimonial-04\" \/>                                    <div class=\"item--social\">\n                                                                                        <a href=\"\"><i class=\"fa fa-facebook-square\"><\/i><\/a>\n                                                                                <\/div>\n                                <\/div>\n                                                        <div class=\"item--meta\">\n                                <h3 class=\"item--title\">    \n                                    Brad Smith                                <\/h3>\n                                <div class=\"item--position\">SEO Manager<\/div>\n                            <\/div>\n                        <\/div>\n                        <div class=\"item--description\">I had the pleasure of working with Consultio as part of a \n6 month \u2018Regional Retail Leadership Program\u2019. Her passion for leadership development is evident to help others.<\/div>\n                        <div class=\"item-rating\">\n                            <i class=\"fac fac-star\"><\/i>\n                            <i class=\"fac fac-star\"><\/i>\n                            <i class=\"fac fac-star\"><\/i>\n                            <i class=\"fac fac-star\"><\/i>\n                            <i class=\"fac fac-star\"><\/i>\n                        <\/div>\n                        <div class=\"item-icon\">\u201c<\/div>\n                   <\/div>\n                <\/div>\n                        <div class=\"grid-sizer col-xl-6 col-lg-6 col-md-6 col-sm-12 col-12\"><\/div>\n        <\/div>\n    <\/div>\n\t\t<\/div>\n\t\t\t\t<\/div>\n\t\t\t\t<div class=\"elementor-element elementor-element-7b31aa02 elementor-align-center elementor-widget elementor-widget-ct_button\" data-id=\"7b31aa02\" data-element_type=\"widget\" data-widget_type=\"ct_button.default\">\n\t\t\t\t<div class=\"elementor-widget-container\">\n\t\t\t<div class=\"ct-button-wrapper ct-button-layout1\">\n            <span class=\"ct-icon-active\"><\/span>\n        <a href=\"http:\/\/localhost\/sitefagacewp6\/testimonials\/\" class=\"btn btn-default btn-inline-block wow fadeInUp \" data-wow-delay=\"ms\">\n                            <span class=\"ct-button-icon ct-align-icon-\">\n                            <\/span>\n                <span class=\"ct-button-text\">View more <\/span>\n    <\/a>\n<\/div>\t\t<\/div>\n\t\t\t\t<\/div>\n\t\t            <\/div>\n        <\/div>\n                            <\/div>\n        <\/section>\n                <section class=\"elementor-section elementor-top-section elementor-element elementor-element-16c849ad elementor-section-boxed elementor-section-height-default elementor-section-height-default\" data-id=\"16c849ad\" data-element_type=\"section\">\n            \n                        <div class=\"elementor-container elementor-column-gap-extended \">\n                    <div class=\"elementor-column elementor-col-100 elementor-top-column elementor-element elementor-element-760b3a46\" data-id=\"760b3a46\" data-element_type=\"column\">\n            <div class=\"elementor-widget-wrap elementor-element-populated\">\n                        \t\t<div class=\"elementor-element elementor-element-39e31d8c elementor-widget elementor-widget-ct_clients_list\" data-id=\"39e31d8c\" data-element_type=\"widget\" data-widget_type=\"ct_clients_list.default\">\n\t\t\t\t<div class=\"elementor-widget-container\">\n\t\t\t    <div class=\"ct-client1 ct-slick-slider style1\">\n        <div class=\"ct-clients-list-inner\">\n            <div class=\"ct-slick-carousel\" data-arrows=\"\" data-dots=\"\" data-pauseOnHover=\"\" data-autoplay=\"true\" data-autoplaySpeed=\"8000\" data-infinite=\"true\" data-speed=\"800\" data-colxs=\"2\" data-colsm=\"3\" data-colmd=\"4\" data-collg=\"4\" data-colxl=\"4\" data-dir=\"false\" data-slidesToScroll=\"1\">\n                                        <div class=\"slick-slide\">\n                            <div class=\"client-image \">\n                                <a href=\"#\">\n                                    <img loading=\"lazy\" decoding=\"async\" width=\"169\" height=\"35\" src=\"https:\/\/www.fagace.org\/wp-content\/uploads\/2019\/11\/client-01.png\" class=\"attachment-full\" alt=\"\" \/>                                                                    <\/a>\n                            <\/div>\n                        <\/div>\n                                                            <div class=\"slick-slide\">\n                            <div class=\"client-image \">\n                                <a href=\"#\">\n                                    <img loading=\"lazy\" decoding=\"async\" width=\"143\" height=\"42\" src=\"https:\/\/www.fagace.org\/wp-content\/uploads\/2019\/11\/client-02.png\" class=\"attachment-full\" alt=\"\" \/>                                                                    <\/a>\n                            <\/div>\n                        <\/div>\n                                                            <div class=\"slick-slide\">\n                            <div class=\"client-image \">\n                                <a href=\"#\">\n                                    <img loading=\"lazy\" decoding=\"async\" width=\"166\" height=\"38\" src=\"https:\/\/www.fagace.org\/wp-content\/uploads\/2019\/11\/client-03.png\" class=\"attachment-full\" alt=\"\" \/>                                                                    <\/a>\n                            <\/div>\n                        <\/div>\n                                                            <div class=\"slick-slide\">\n                            <div class=\"client-image \">\n                                <a href=\"#\">\n                                    <img loading=\"lazy\" decoding=\"async\" width=\"170\" height=\"35\" src=\"https:\/\/www.fagace.org\/wp-content\/uploads\/2019\/11\/client-04.png\" class=\"attachment-full\" alt=\"\" \/>                                                                    <\/a>\n                            <\/div>\n                        <\/div>\n                                                            <div class=\"slick-slide\">\n                            <div class=\"client-image \">\n                                <a href=\"#\">\n                                    <img loading=\"lazy\" decoding=\"async\" width=\"196\" height=\"36\" src=\"https:\/\/www.fagace.org\/wp-content\/uploads\/2019\/12\/client-05.png\" class=\"attachment-full\" alt=\"\" \/>                                                                    <\/a>\n                            <\/div>\n                        <\/div>\n                                                <\/div>\n        <\/div>\n    <\/div>\n\t\t<\/div>\n\t\t\t\t<\/div>\n\t\t            <\/div>\n        <\/div>\n                            <\/div>\n        <\/section>\n        \t\t\t\t\t<\/div>\n\t\t","protected":false},"excerpt":{"rendered":"<p>Testimonial It\u2019s always a joy to hear that the work we do, has positively reviews. We have spent 9 years working for one of Australia\u2019s most recognised and successful retailers [&hellip;]<\/p>\n","protected":false},"author":1,"featured_media":0,"parent":0,"menu_order":0,"comment_status":"closed","ping_status":"closed","template":"","meta":{"_themeisle_gutenberg_block_has_review":false,"footnotes":""},"class_list":["post-3500","page","type-page","status-publish","hentry"],"translation":{"provider":"WPGlobus","version":"2.10.10","language":"pt","enabled_languages":["fr","en","ar","pt"],"languages":{"fr":{"title":true,"content":true,"excerpt":false},"en":{"title":false,"content":false,"excerpt":false},"ar":{"title":false,"content":false,"excerpt":false},"pt":{"title":false,"content":false,"excerpt":false}}},"yoast_head":"<!-- This site is optimized with the Yoast SEO plugin v22.7 - https:\/\/yoast.com\/wordpress\/plugins\/seo\/ -->\n<title>Testimonials v.3 - FAGACE<\/title>\n<meta name=\"robots\" content=\"index, follow, max-snippet:-1, max-image-preview:large, max-video-preview:-1\" \/>\n<link rel=\"canonical\" href=\"https:\/\/www.fagace.org\/testimonials-v-3\/\" \/>\n<meta property=\"og:locale\" content=\"pt_PT\" \/>\n<meta property=\"og:type\" content=\"article\" \/>\n<meta property=\"og:title\" content=\"Testimonials v.3 - FAGACE\" \/>\n<meta property=\"og:url\" content=\"https:\/\/www.fagace.org\/testimonials-v-3\/\" \/>\n<meta property=\"og:site_name\" content=\"FAGACE\" \/>\n<meta property=\"article:publisher\" content=\"https:\/\/www.facebook.com\/fagaceorg\" \/>\n<meta property=\"og:image\" content=\"https:\/\/www.fagace.org\/wp-content\/uploads\/2019\/12\/testimonial-07.jpg\" \/>\n<meta name=\"twitter:card\" content=\"summary_large_image\" \/>\n<meta name=\"twitter:site\" content=\"@Fagace_Officiel\" \/>\n<meta name=\"twitter:label1\" content=\"Est. reading time\" \/>\n\t<meta name=\"twitter:data1\" content=\"1 minute\" \/>\n<script type=\"application\/ld+json\" class=\"yoast-schema-graph\">{\"@context\":\"https:\/\/schema.org\",\"@graph\":[{\"@type\":\"WebPage\",\"@id\":\"https:\/\/www.fagace.org\/testimonials-v-3\/\",\"url\":\"https:\/\/www.fagace.org\/testimonials-v-3\/\",\"name\":\"Testimonials v.3 - FAGACE\",\"isPartOf\":{\"@id\":\"https:\/\/www.fagace.org\/#website\"},\"primaryImageOfPage\":{\"@id\":\"https:\/\/www.fagace.org\/testimonials-v-3\/#primaryimage\"},\"image\":{\"@id\":\"https:\/\/www.fagace.org\/testimonials-v-3\/#primaryimage\"},\"thumbnailUrl\":\"https:\/\/www.fagace.org\/wp-content\/uploads\/2019\/12\/testimonial-07.jpg\",\"datePublished\":\"2020-02-07T02:17:53+00:00\",\"dateModified\":\"2020-02-07T02:17:53+00:00\",\"breadcrumb\":{\"@id\":\"https:\/\/www.fagace.org\/testimonials-v-3\/#breadcrumb\"},\"inLanguage\":\"pt-PT\",\"potentialAction\":[{\"@type\":\"ReadAction\",\"target\":[\"https:\/\/www.fagace.org\/testimonials-v-3\/\"]}]},{\"@type\":\"ImageObject\",\"inLanguage\":\"pt-PT\",\"@id\":\"https:\/\/www.fagace.org\/testimonials-v-3\/#primaryimage\",\"url\":\"https:\/\/www.fagace.org\/wp-content\/uploads\/2019\/12\/testimonial-07.jpg\",\"contentUrl\":\"https:\/\/www.fagace.org\/wp-content\/uploads\/2019\/12\/testimonial-07.jpg\"},{\"@type\":\"BreadcrumbList\",\"@id\":\"https:\/\/www.fagace.org\/testimonials-v-3\/#breadcrumb\",\"itemListElement\":[{\"@type\":\"ListItem\",\"position\":1,\"name\":\"Accueil\",\"item\":\"https:\/\/www.fagace.org\/\"},{\"@type\":\"ListItem\",\"position\":2,\"name\":\"Testimonials v.3\"}]},{\"@type\":\"WebSite\",\"@id\":\"https:\/\/www.fagace.org\/#website\",\"url\":\"https:\/\/www.fagace.org\/\",\"name\":\"{:fr}FAGACE{:}{:en}FAGACE{:}\",\"description\":\"Uma institui\u00e7\u00e3o financeira ao servi\u00e7o do desenvolvimento em \u00c1frica\",\"publisher\":{\"@id\":\"https:\/\/www.fagace.org\/#organization\"},\"potentialAction\":[{\"@type\":\"SearchAction\",\"target\":{\"@type\":\"EntryPoint\",\"urlTemplate\":\"https:\/\/www.fagace.org\/?s={search_term_string}\"},\"query-input\":\"required name=search_term_string\"}],\"inLanguage\":\"pt-PT\"},{\"@type\":\"Organization\",\"@id\":\"https:\/\/www.fagace.org\/#organization\",\"name\":\"{:fr}Fonds Africain de Garantie et de Coop\u00e9ration Economique{:}{:en}African Guarantee and Economic Cooperation Fund{:}\",\"url\":\"https:\/\/www.fagace.org\/\",\"logo\":{\"@type\":\"ImageObject\",\"inLanguage\":\"pt-PT\",\"@id\":\"https:\/\/www.fagace.org\/#\/schema\/logo\/image\/\",\"url\":\"https:\/\/www.fagace.org\/wp-content\/uploads\/2024\/04\/2003.jpg\",\"contentUrl\":\"https:\/\/www.fagace.org\/wp-content\/uploads\/2024\/04\/2003.jpg\",\"width\":580,\"height\":580,\"caption\":\"{:fr}Fonds Africain de Garantie et de Coop\u00e9ration Economique{:}{:en}African Guarantee and Economic Cooperation Fund{:}\"},\"image\":{\"@id\":\"https:\/\/www.fagace.org\/#\/schema\/logo\/image\/\"},\"sameAs\":[\"https:\/\/www.facebook.com\/fagaceorg\",\"https:\/\/x.com\/Fagace_Officiel\"]}]}<\/script>\n<!-- \/ Yoast SEO plugin. -->","yoast_head_json":{"title":"Testimonials v.3 - FAGACE","robots":{"index":"index","follow":"follow","max-snippet":"max-snippet:-1","max-image-preview":"max-image-preview:large","max-video-preview":"max-video-preview:-1"},"canonical":"https:\/\/www.fagace.org\/testimonials-v-3\/","og_locale":"pt_PT","og_type":"article","og_title":"Testimonials v.3 - FAGACE","og_url":"https:\/\/www.fagace.org\/testimonials-v-3\/","og_site_name":"FAGACE","article_publisher":"https:\/\/www.facebook.com\/fagaceorg","og_image":[{"url":"https:\/\/www.fagace.org\/wp-content\/uploads\/2019\/12\/testimonial-07.jpg"}],"twitter_card":"summary_large_image","twitter_site":"@Fagace_Officiel","twitter_misc":{"Est. reading time":"1 minute"},"schema":{"@context":"https:\/\/schema.org","@graph":[{"@type":"WebPage","@id":"https:\/\/www.fagace.org\/testimonials-v-3\/","url":"https:\/\/www.fagace.org\/testimonials-v-3\/","name":"Testimonials v.3 - FAGACE","isPartOf":{"@id":"https:\/\/www.fagace.org\/#website"},"primaryImageOfPage":{"@id":"https:\/\/www.fagace.org\/testimonials-v-3\/#primaryimage"},"image":{"@id":"https:\/\/www.fagace.org\/testimonials-v-3\/#primaryimage"},"thumbnailUrl":"https:\/\/www.fagace.org\/wp-content\/uploads\/2019\/12\/testimonial-07.jpg","datePublished":"2020-02-07T02:17:53+00:00","dateModified":"2020-02-07T02:17:53+00:00","breadcrumb":{"@id":"https:\/\/www.fagace.org\/testimonials-v-3\/#breadcrumb"},"inLanguage":"pt-PT","potentialAction":[{"@type":"ReadAction","target":["https:\/\/www.fagace.org\/testimonials-v-3\/"]}]},{"@type":"ImageObject","inLanguage":"pt-PT","@id":"https:\/\/www.fagace.org\/testimonials-v-3\/#primaryimage","url":"https:\/\/www.fagace.org\/wp-content\/uploads\/2019\/12\/testimonial-07.jpg","contentUrl":"https:\/\/www.fagace.org\/wp-content\/uploads\/2019\/12\/testimonial-07.jpg"},{"@type":"BreadcrumbList","@id":"https:\/\/www.fagace.org\/testimonials-v-3\/#breadcrumb","itemListElement":[{"@type":"ListItem","position":1,"name":"Accueil","item":"https:\/\/www.fagace.org\/"},{"@type":"ListItem","position":2,"name":"Testimonials v.3"}]},{"@type":"WebSite","@id":"https:\/\/www.fagace.org\/#website","url":"https:\/\/www.fagace.org\/","name":"{:fr}FAGACE{:}{:en}FAGACE{:}","description":"Uma institui\u00e7\u00e3o financeira ao servi\u00e7o do desenvolvimento em \u00c1frica","publisher":{"@id":"https:\/\/www.fagace.org\/#organization"},"potentialAction":[{"@type":"SearchAction","target":{"@type":"EntryPoint","urlTemplate":"https:\/\/www.fagace.org\/?s={search_term_string}"},"query-input":"required name=search_term_string"}],"inLanguage":"pt-PT"},{"@type":"Organization","@id":"https:\/\/www.fagace.org\/#organization","name":"{:fr}Fonds Africain de Garantie et de Coop\u00e9ration Economique{:}{:en}African Guarantee and Economic Cooperation Fund{:}","url":"https:\/\/www.fagace.org\/","logo":{"@type":"ImageObject","inLanguage":"pt-PT","@id":"https:\/\/www.fagace.org\/#\/schema\/logo\/image\/","url":"https:\/\/www.fagace.org\/wp-content\/uploads\/2024\/04\/2003.jpg","contentUrl":"https:\/\/www.fagace.org\/wp-content\/uploads\/2024\/04\/2003.jpg","width":580,"height":580,"caption":"{:fr}Fonds Africain de Garantie et de Coop\u00e9ration Economique{:}{:en}African Guarantee and Economic Cooperation Fund{:}"},"image":{"@id":"https:\/\/www.fagace.org\/#\/schema\/logo\/image\/"},"sameAs":["https:\/\/www.facebook.com\/fagaceorg","https:\/\/x.com\/Fagace_Officiel"]}]}},"ticketed":false,"_links":{"self":[{"href":"https:\/\/www.fagace.org\/pt\/wp-json\/wp\/v2\/pages\/3500","targetHints":{"allow":["GET"]}}],"collection":[{"href":"https:\/\/www.fagace.org\/pt\/wp-json\/wp\/v2\/pages"}],"about":[{"href":"https:\/\/www.fagace.org\/pt\/wp-json\/wp\/v2\/types\/page"}],"author":[{"embeddable":true,"href":"https:\/\/www.fagace.org\/pt\/wp-json\/wp\/v2\/users\/1"}],"replies":[{"embeddable":true,"href":"https:\/\/www.fagace.org\/pt\/wp-json\/wp\/v2\/comments?post=3500"}],"version-history":[{"count":0,"href":"https:\/\/www.fagace.org\/pt\/wp-json\/wp\/v2\/pages\/3500\/revisions"}],"wp:attachment":[{"href":"https:\/\/www.fagace.org\/pt\/wp-json\/wp\/v2\/media?parent=3500"}],"curies":[{"name":"wp","href":"https:\/\/api.w.org\/{rel}","templated":true}]}}