{"id":5904,"date":"2023-04-20T00:34:38","date_gmt":"2023-04-19T22:34:38","guid":{"rendered":"https:\/\/www.fagace.org\/?page_id=5904"},"modified":"2024-04-04T12:47:21","modified_gmt":"2024-04-04T10:47:21","slug":"galerie-photos","status":"publish","type":"page","link":"https:\/\/www.fagace.org\/pt\/galerie-photos\/","title":{"rendered":"Galerie Photos"},"content":{"rendered":"\t\t<div data-elementor-type=\"wp-page\" data-elementor-id=\"5904\" class=\"elementor elementor-5904\">\n\t\t\t\t\t\t\t        <section class=\"elementor-section elementor-top-section elementor-element elementor-element-f019bad elementor-section-content-middle elementor-section-boxed elementor-section-height-default elementor-section-height-default\" data-id=\"f019bad\" data-element_type=\"section\">\n            \n                        <div class=\"elementor-container elementor-column-gap-extended \">\n                    <div class=\"elementor-column elementor-col-50 elementor-top-column elementor-element elementor-element-5ce29c2\" data-id=\"5ce29c2\" data-element_type=\"column\">\n            <div class=\"elementor-widget-wrap elementor-element-populated\">\n                        \t\t<div class=\"elementor-element elementor-element-d3b6aca elementor-widget elementor-widget-ct_heading\" data-id=\"d3b6aca\" data-element_type=\"widget\" data-widget_type=\"ct_heading.default\">\n\t\t\t\t<div class=\"elementor-widget-container\">\n\t\t\t<div class=\"ct-heading h-align-  sub-style3 ct-heading-left item-st-default\" data-wow-delay=\"ms\">\n\t\t\t<div class=\"item--sub-title style3 show-line\">\n            M\u00e9diath\u00e8que                                <\/div>\n\t    <h3 class=\"item--title st-default\">\n                <span>\n                        Galerie photos                    <\/span>\n            <\/h3>\n<\/div>\t\t<\/div>\n\t\t\t\t<\/div>\n\t\t            <\/div>\n        <\/div>\n                <div class=\"elementor-column elementor-col-50 elementor-top-column elementor-element elementor-element-877c444\" data-id=\"877c444\" data-element_type=\"column\">\n            <div class=\"elementor-widget-wrap elementor-element-populated\">\n                        \t\t<div class=\"elementor-element elementor-element-8a619a7 elementor-widget elementor-widget-text-editor\" data-id=\"8a619a7\" data-element_type=\"widget\" data-widget_type=\"text-editor.default\">\n\t\t\t\t<div class=\"elementor-widget-container\">\n\t\t\t<style>\/*! elementor - v3.12.1 - 02-04-2023 *\/\n.elementor-widget-text-editor.elementor-drop-cap-view-stacked .elementor-drop-cap{background-color:#69727d;color:#fff}.elementor-widget-text-editor.elementor-drop-cap-view-framed .elementor-drop-cap{color:#69727d;border:3px solid;background-color:transparent}.elementor-widget-text-editor:not(.elementor-drop-cap-view-default) .elementor-drop-cap{margin-top:8px}.elementor-widget-text-editor:not(.elementor-drop-cap-view-default) .elementor-drop-cap-letter{width:1em;height:1em}.elementor-widget-text-editor .elementor-drop-cap{float:left;text-align:center;line-height:1;font-size:50px}.elementor-widget-text-editor .elementor-drop-cap-letter{display:inline-block}<\/style>\t\t\t\t<p>Les moments sollennels que nous partageons avec nos partenaires , clients et collaborateurs autour des activit\u00e9s d&#8217;envergure et \u00e0 fort impact \u00e9conomique sont immortalis\u00e9s \u00e0 travers cet album photos que nous vous invitons \u00e0 d\u00e9couvrir.<\/p>\t\t\t\t\t\t<\/div>\n\t\t\t\t<\/div>\n\t\t            <\/div>\n        <\/div>\n                            <\/div>\n        <\/section>\n                <section class=\"elementor-section elementor-top-section elementor-element elementor-element-2b5b5683 elementor-section-boxed elementor-section-height-default elementor-section-height-default\" data-id=\"2b5b5683\" data-element_type=\"section\">\n            \n                        <div class=\"elementor-container elementor-column-gap-extended \">\n                    <div class=\"elementor-column elementor-col-100 elementor-top-column elementor-element elementor-element-4106b489\" data-id=\"4106b489\" data-element_type=\"column\">\n            <div class=\"elementor-widget-wrap elementor-element-populated\">\n                        \t\t<div class=\"elementor-element elementor-element-3ceae37 elementor-widget elementor-widget-ct_cover_boxes\" data-id=\"3ceae37\" data-element_type=\"widget\" data-widget_type=\"ct_cover_boxes.default\">\n\t\t\t\t<div class=\"elementor-widget-container\">\n\t\t\t    <div class=\"ct-cover-boxes1\">\n                    <div class=\"ct-cover-item  active\">\n                <div class=\"ct-cover-inner\">\n                    <div class=\"item--image\">\n                        <img loading=\"lazy\" decoding=\"async\" class=\"\" src=\"https:\/\/www.fagace.org\/wp-content\/uploads\/2023\/04\/DSC_0330-scaled-1-600x600.jpg\" width=\"600\" height=\"600\" alt=\"DSC_0330-scaled\" title=\"DSC_0330-scaled\" \/>                        <div class=\"item--icon\">\n                                                            <i aria-hidden=\"true\" class=\"material zmdi zmdi-camera-monochrome-photos\"><\/i>                                                                                    <\/div>\n                    <\/div>\n                    <div class=\"item--content\">\n                        <div class=\"item--content-inner\">\n                            <h4 class=\"item--title\">Le FAGACE mobilise les acteurs pour impulser le financement de l&#039;\u00e9conomie Tchadienne<\/h4>\n                            <div class=\"item--desc\"><\/div>\n                                                            <div class=\"item--readmore\">\n                                    <a href=\"\/galerie-photos-01\/\">D\u00e9couvrir l&#039;album<i class=\"flaticonv2-right-arrow\"><\/i><\/a>\n                                <\/div>\n                                                    <\/div>\n                    <\/div>\n                <\/div>\n            <\/div>\n                    <div class=\"ct-cover-item  \">\n                <div class=\"ct-cover-inner\">\n                    <div class=\"item--image\">\n                        <img loading=\"lazy\" decoding=\"async\" class=\"\" src=\"https:\/\/www.fagace.org\/wp-content\/uploads\/2024\/04\/FANTA-1-600x600.jpeg\" width=\"600\" height=\"600\" alt=\"FANTA-1\" title=\"FANTA-1\" \/>                        <div class=\"item--icon\">\n                                                            <i aria-hidden=\"true\" class=\"material zmdi zmdi-camera-monochrome-photos\"><\/i>                                                                                    <\/div>\n                    <\/div>\n                    <div class=\"item--content\">\n                        <div class=\"item--content-inner\">\n                            <h4 class=\"item--title\">CONF\u00c9RENCE DE PRESSE DE LANCEMENT DU SAGA  2018<\/h4>\n                            <div class=\"item--desc\"><\/div>\n                                                            <div class=\"item--readmore\">\n                                    <a href=\"\/galerie-photos-01\/\">D\u00e9couvrir l&#039;album<i class=\"flaticonv2-right-arrow\"><\/i><\/a>\n                                <\/div>\n                                                    <\/div>\n                    <\/div>\n                <\/div>\n            <\/div>\n                    <div class=\"ct-cover-item  \">\n                <div class=\"ct-cover-inner\">\n                    <div class=\"item--image\">\n                        <img loading=\"lazy\" decoding=\"async\" class=\"\" src=\"https:\/\/www.fagace.org\/wp-content\/uploads\/2024\/04\/cover3.png\" width=\"600\" height=\"600\" alt=\"cover3\" title=\"cover3\" \/>                        <div class=\"item--icon\">\n                                                            <i aria-hidden=\"true\" class=\"material zmdi zmdi-camera-monochrome-photos\"><\/i>                                                                                    <\/div>\n                    <\/div>\n                    <div class=\"item--content\">\n                        <div class=\"item--content-inner\">\n                            <h4 class=\"item--title\">ALBUM PETIT D\u00c9JEUNER D\u00c9BAT DU FONDS<\/h4>\n                            <div class=\"item--desc\"><\/div>\n                                                            <div class=\"item--readmore\">\n                                    <a href=\"\/galerie-photos-01\/\">D\u00e9couvrir l&#039;album<i class=\"flaticonv2-right-arrow\"><\/i><\/a>\n                                <\/div>\n                                                    <\/div>\n                    <\/div>\n                <\/div>\n            <\/div>\n                    <div class=\"ct-cover-item  \">\n                <div class=\"ct-cover-inner\">\n                    <div class=\"item--image\">\n                        <img loading=\"lazy\" decoding=\"async\" class=\"\" src=\"https:\/\/www.fagace.org\/wp-content\/uploads\/2024\/04\/fagace_zone_franc_slide-600x325.jpg\" width=\"600\" height=\"325\" alt=\"fagace_zone_franc_slide\" title=\"fagace_zone_franc_slide\" \/>                        <div class=\"item--icon\">\n                                                            <i aria-hidden=\"true\" class=\"material zmdi zmdi-camera-monochrome-photos\"><\/i>                                                                                    <\/div>\n                    <\/div>\n                    <div class=\"item--content\">\n                        <div class=\"item--content-inner\">\n                            <h4 class=\"item--title\">R\u00c9UNION ZONE FRANC AU CONGO (AVRIL 2018)<\/h4>\n                            <div class=\"item--desc\"><\/div>\n                                                            <div class=\"item--readmore\">\n                                    <a href=\"\/galerie-photos-01\/\">D\u00e9couvrir l&#039;album<i class=\"flaticonv2-right-arrow\"><\/i><\/a>\n                                <\/div>\n                                                    <\/div>\n                    <\/div>\n                <\/div>\n            <\/div>\n                    <div class=\"ct-cover-item  \">\n                <div class=\"ct-cover-inner\">\n                    <div class=\"item--image\">\n                        <img loading=\"lazy\" decoding=\"async\" class=\"\" src=\"https:\/\/www.fagace.org\/wp-content\/uploads\/2023\/04\/DSC_0330-scaled-1-600x600.jpg\" width=\"600\" height=\"600\" alt=\"DSC_0330-scaled\" title=\"DSC_0330-scaled\" \/>                        <div class=\"item--icon\">\n                                                            <i aria-hidden=\"true\" class=\"material zmdi zmdi-camera-monochrome-photos\"><\/i>                                                                                    <\/div>\n                    <\/div>\n                    <div class=\"item--content\">\n                        <div class=\"item--content-inner\">\n                            <h4 class=\"item--title\">Le FAGACE mobilise les acteurs pour impulser le financement de l&#039;\u00e9conomie Tchadienne<\/h4>\n                            <div class=\"item--desc\"><\/div>\n                                                            <div class=\"item--readmore\">\n                                    <a href=\"\/galerie-photos-01\/\">D\u00e9couvrir l&#039;album<i class=\"flaticonv2-right-arrow\"><\/i><\/a>\n                                <\/div>\n                                                    <\/div>\n                    <\/div>\n                <\/div>\n            <\/div>\n            <\/div>\n\t\t<\/div>\n\t\t\t\t<\/div>\n\t\t            <\/div>\n        <\/div>\n                            <\/div>\n        <\/section>\n                <section class=\"elementor-section elementor-top-section elementor-element elementor-element-a290eed elementor-section-boxed elementor-section-height-default elementor-section-height-default\" data-id=\"a290eed\" data-element_type=\"section\">\n            \n                        <div class=\"elementor-container elementor-column-gap-extended \">\n                    <div class=\"elementor-column elementor-col-100 elementor-top-column elementor-element elementor-element-05ebb0b\" data-id=\"05ebb0b\" data-element_type=\"column\">\n            <div class=\"elementor-widget-wrap elementor-element-populated\">\n                        \t\t<div class=\"elementor-element elementor-element-f0df1ca elementor-widget elementor-widget-ct_cover_boxes\" data-id=\"f0df1ca\" data-element_type=\"widget\" data-widget_type=\"ct_cover_boxes.default\">\n\t\t\t\t<div class=\"elementor-widget-container\">\n\t\t\t    <div class=\"ct-cover-boxes1\">\n                    <div class=\"ct-cover-item  active\">\n                <div class=\"ct-cover-inner\">\n                    <div class=\"item--image\">\n                        <img loading=\"lazy\" decoding=\"async\" class=\"\" src=\"https:\/\/www.fagace.org\/wp-content\/uploads\/2024\/04\/cover4.png\" width=\"600\" height=\"600\" alt=\"cover4\" title=\"cover4\" \/>                        <div class=\"item--icon\">\n                                                            <i aria-hidden=\"true\" class=\"material zmdi zmdi-camera-monochrome-photos\"><\/i>                                                                                    <\/div>\n                    <\/div>\n                    <div class=\"item--content\">\n                        <div class=\"item--content-inner\">\n                            <h4 class=\"item--title\">R\u00c9UNION ZONE FRANC AU CONGO (AVRIL 2018)<\/h4>\n                            <div class=\"item--desc\"><\/div>\n                                                            <div class=\"item--readmore\">\n                                    <a href=\"\/galerie-photos-01\/\">D\u00e9couvrir l&#039;album<i class=\"flaticonv2-right-arrow\"><\/i><\/a>\n                                <\/div>\n                                                    <\/div>\n                    <\/div>\n                <\/div>\n            <\/div>\n                    <div class=\"ct-cover-item  \">\n                <div class=\"ct-cover-inner\">\n                    <div class=\"item--image\">\n                        <img loading=\"lazy\" decoding=\"async\" class=\"\" src=\"https:\/\/www.fagace.org\/wp-content\/uploads\/2024\/04\/fagace_forum_fsa_prsentation-600x600.jpeg\" width=\"600\" height=\"600\" alt=\"fagace_forum_fsa_prsentation\" title=\"fagace_forum_fsa_prsentation\" \/>                        <div class=\"item--icon\">\n                                                            <i aria-hidden=\"true\" class=\"material zmdi zmdi-camera-monochrome-photos\"><\/i>                                                                                    <\/div>\n                    <\/div>\n                    <div class=\"item--content\">\n                        <div class=\"item--content-inner\">\n                            <h4 class=\"item--title\">FAGACE-- FORUM FSA<\/h4>\n                            <div class=\"item--desc\"><\/div>\n                                                            <div class=\"item--readmore\">\n                                    <a href=\"\/galerie-photos-01\/\">D\u00e9couvrir l&#039;album<i class=\"flaticonv2-right-arrow\"><\/i><\/a>\n                                <\/div>\n                                                    <\/div>\n                    <\/div>\n                <\/div>\n            <\/div>\n                    <div class=\"ct-cover-item  \">\n                <div class=\"ct-cover-inner\">\n                    <div class=\"item--image\">\n                        <img loading=\"lazy\" decoding=\"async\" class=\"\" src=\"https:\/\/www.fagace.org\/wp-content\/uploads\/2024\/04\/fagace_caif_01-600x600.jpg\" width=\"600\" height=\"600\" alt=\"fagace_caif_01\" title=\"fagace_caif_01\" \/>                        <div class=\"item--icon\">\n                                                            <i aria-hidden=\"true\" class=\"material zmdi zmdi-camera-monochrome-photos\"><\/i>                                                                                    <\/div>\n                    <\/div>\n                    <div class=\"item--content\">\n                        <div class=\"item--content-inner\">\n                            <h4 class=\"item--title\">FAGACE--CAIF<\/h4>\n                            <div class=\"item--desc\"><\/div>\n                                                            <div class=\"item--readmore\">\n                                    <a href=\"\/galerie-photos-01\/\">D\u00e9couvrir l&#039;album<i class=\"flaticonv2-right-arrow\"><\/i><\/a>\n                                <\/div>\n                                                    <\/div>\n                    <\/div>\n                <\/div>\n            <\/div>\n            <\/div>\n\t\t<\/div>\n\t\t\t\t<\/div>\n\t\t            <\/div>\n        <\/div>\n                            <\/div>\n        <\/section>\n        \t\t\t\t\t<\/div>\n\t\t","protected":false},"excerpt":{"rendered":"<p>M\u00e9diath\u00e8que Galerie photos Les moments sollennels que nous partageons avec nos partenaires , clients et collaborateurs autour des activit\u00e9s d&#8217;envergure et \u00e0 fort impact \u00e9conomique sont immortalis\u00e9s \u00e0 travers cet [&hellip;]<\/p>\n","protected":false},"author":1,"featured_media":0,"parent":0,"menu_order":0,"comment_status":"closed","ping_status":"closed","template":"","meta":{"_themeisle_gutenberg_block_has_review":false,"footnotes":""},"class_list":["post-5904","page","type-page","status-publish","hentry"],"translation":{"provider":"WPGlobus","version":"2.10.10","language":"pt","enabled_languages":["fr","en","ar","pt"],"languages":{"fr":{"title":true,"content":true,"excerpt":false},"en":{"title":true,"content":false,"excerpt":false},"ar":{"title":false,"content":false,"excerpt":false},"pt":{"title":false,"content":false,"excerpt":false}}},"yoast_head":"<!-- This site is optimized with the Yoast SEO plugin v22.7 - https:\/\/yoast.com\/wordpress\/plugins\/seo\/ -->\n<title>- FAGACE<\/title>\n<meta name=\"robots\" content=\"index, follow, max-snippet:-1, max-image-preview:large, max-video-preview:-1\" \/>\n<link rel=\"canonical\" href=\"https:\/\/www.fagace.org\/galerie-photos\/\" \/>\n<meta property=\"og:locale\" content=\"pt_PT\" \/>\n<meta property=\"og:type\" content=\"article\" \/>\n<meta property=\"og:title\" content=\"- FAGACE\" \/>\n<meta property=\"og:url\" content=\"https:\/\/www.fagace.org\/galerie-photos\/\" \/>\n<meta property=\"og:site_name\" content=\"FAGACE\" \/>\n<meta property=\"article:publisher\" content=\"https:\/\/www.facebook.com\/fagaceorg\" \/>\n<meta property=\"article:modified_time\" content=\"2024-04-04T10:47:21+00:00\" \/>\n<meta property=\"og:image\" content=\"https:\/\/www.fagace.org\/wp-content\/uploads\/2023\/04\/DSC_0330-scaled-1-600x600.jpg\" \/>\n<meta name=\"twitter:card\" content=\"summary_large_image\" \/>\n<meta name=\"twitter:site\" content=\"@Fagace_Officiel\" \/>\n<meta name=\"twitter:label1\" content=\"Est. reading time\" \/>\n\t<meta name=\"twitter:data1\" content=\"1 minute\" \/>\n<script type=\"application\/ld+json\" class=\"yoast-schema-graph\">{\"@context\":\"https:\/\/schema.org\",\"@graph\":[{\"@type\":\"WebPage\",\"@id\":\"https:\/\/www.fagace.org\/galerie-photos\/\",\"url\":\"https:\/\/www.fagace.org\/galerie-photos\/\",\"name\":\"- FAGACE\",\"isPartOf\":{\"@id\":\"https:\/\/www.fagace.org\/#website\"},\"primaryImageOfPage\":{\"@id\":\"https:\/\/www.fagace.org\/galerie-photos\/#primaryimage\"},\"image\":{\"@id\":\"https:\/\/www.fagace.org\/galerie-photos\/#primaryimage\"},\"thumbnailUrl\":\"https:\/\/www.fagace.org\/wp-content\/uploads\/2023\/04\/DSC_0330-scaled-1-600x600.jpg\",\"datePublished\":\"2023-04-19T22:34:38+00:00\",\"dateModified\":\"2024-04-04T10:47:21+00:00\",\"breadcrumb\":{\"@id\":\"https:\/\/www.fagace.org\/galerie-photos\/#breadcrumb\"},\"inLanguage\":\"pt-PT\",\"potentialAction\":[{\"@type\":\"ReadAction\",\"target\":[\"https:\/\/www.fagace.org\/galerie-photos\/\"]}]},{\"@type\":\"ImageObject\",\"inLanguage\":\"pt-PT\",\"@id\":\"https:\/\/www.fagace.org\/galerie-photos\/#primaryimage\",\"url\":\"https:\/\/www.fagace.org\/wp-content\/uploads\/2023\/04\/DSC_0330-scaled-1-600x600.jpg\",\"contentUrl\":\"https:\/\/www.fagace.org\/wp-content\/uploads\/2023\/04\/DSC_0330-scaled-1-600x600.jpg\"},{\"@type\":\"BreadcrumbList\",\"@id\":\"https:\/\/www.fagace.org\/galerie-photos\/#breadcrumb\",\"itemListElement\":[{\"@type\":\"ListItem\",\"position\":1,\"name\":\"Accueil\",\"item\":\"https:\/\/www.fagace.org\/\"},{\"@type\":\"ListItem\",\"position\":2,\"name\":\"Galerie Photos\"}]},{\"@type\":\"WebSite\",\"@id\":\"https:\/\/www.fagace.org\/#website\",\"url\":\"https:\/\/www.fagace.org\/\",\"name\":\"{:fr}FAGACE{:}{:en}FAGACE{:}\",\"description\":\"Uma institui\u00e7\u00e3o financeira ao servi\u00e7o do desenvolvimento em \u00c1frica\",\"publisher\":{\"@id\":\"https:\/\/www.fagace.org\/#organization\"},\"potentialAction\":[{\"@type\":\"SearchAction\",\"target\":{\"@type\":\"EntryPoint\",\"urlTemplate\":\"https:\/\/www.fagace.org\/?s={search_term_string}\"},\"query-input\":\"required name=search_term_string\"}],\"inLanguage\":\"pt-PT\"},{\"@type\":\"Organization\",\"@id\":\"https:\/\/www.fagace.org\/#organization\",\"name\":\"{:fr}Fonds Africain de Garantie et de Coop\u00e9ration Economique{:}{:en}African Guarantee and Economic Cooperation Fund{:}\",\"url\":\"https:\/\/www.fagace.org\/\",\"logo\":{\"@type\":\"ImageObject\",\"inLanguage\":\"pt-PT\",\"@id\":\"https:\/\/www.fagace.org\/#\/schema\/logo\/image\/\",\"url\":\"https:\/\/www.fagace.org\/wp-content\/uploads\/2024\/04\/2003.jpg\",\"contentUrl\":\"https:\/\/www.fagace.org\/wp-content\/uploads\/2024\/04\/2003.jpg\",\"width\":580,\"height\":580,\"caption\":\"{:fr}Fonds Africain de Garantie et de Coop\u00e9ration Economique{:}{:en}African Guarantee and Economic Cooperation Fund{:}\"},\"image\":{\"@id\":\"https:\/\/www.fagace.org\/#\/schema\/logo\/image\/\"},\"sameAs\":[\"https:\/\/www.facebook.com\/fagaceorg\",\"https:\/\/x.com\/Fagace_Officiel\"]}]}<\/script>\n<!-- \/ Yoast SEO plugin. -->","yoast_head_json":{"title":"- FAGACE","robots":{"index":"index","follow":"follow","max-snippet":"max-snippet:-1","max-image-preview":"max-image-preview:large","max-video-preview":"max-video-preview:-1"},"canonical":"https:\/\/www.fagace.org\/galerie-photos\/","og_locale":"pt_PT","og_type":"article","og_title":"- FAGACE","og_url":"https:\/\/www.fagace.org\/galerie-photos\/","og_site_name":"FAGACE","article_publisher":"https:\/\/www.facebook.com\/fagaceorg","article_modified_time":"2024-04-04T10:47:21+00:00","og_image":[{"url":"https:\/\/www.fagace.org\/wp-content\/uploads\/2023\/04\/DSC_0330-scaled-1-600x600.jpg"}],"twitter_card":"summary_large_image","twitter_site":"@Fagace_Officiel","twitter_misc":{"Est. reading time":"1 minute"},"schema":{"@context":"https:\/\/schema.org","@graph":[{"@type":"WebPage","@id":"https:\/\/www.fagace.org\/galerie-photos\/","url":"https:\/\/www.fagace.org\/galerie-photos\/","name":"- FAGACE","isPartOf":{"@id":"https:\/\/www.fagace.org\/#website"},"primaryImageOfPage":{"@id":"https:\/\/www.fagace.org\/galerie-photos\/#primaryimage"},"image":{"@id":"https:\/\/www.fagace.org\/galerie-photos\/#primaryimage"},"thumbnailUrl":"https:\/\/www.fagace.org\/wp-content\/uploads\/2023\/04\/DSC_0330-scaled-1-600x600.jpg","datePublished":"2023-04-19T22:34:38+00:00","dateModified":"2024-04-04T10:47:21+00:00","breadcrumb":{"@id":"https:\/\/www.fagace.org\/galerie-photos\/#breadcrumb"},"inLanguage":"pt-PT","potentialAction":[{"@type":"ReadAction","target":["https:\/\/www.fagace.org\/galerie-photos\/"]}]},{"@type":"ImageObject","inLanguage":"pt-PT","@id":"https:\/\/www.fagace.org\/galerie-photos\/#primaryimage","url":"https:\/\/www.fagace.org\/wp-content\/uploads\/2023\/04\/DSC_0330-scaled-1-600x600.jpg","contentUrl":"https:\/\/www.fagace.org\/wp-content\/uploads\/2023\/04\/DSC_0330-scaled-1-600x600.jpg"},{"@type":"BreadcrumbList","@id":"https:\/\/www.fagace.org\/galerie-photos\/#breadcrumb","itemListElement":[{"@type":"ListItem","position":1,"name":"Accueil","item":"https:\/\/www.fagace.org\/"},{"@type":"ListItem","position":2,"name":"Galerie Photos"}]},{"@type":"WebSite","@id":"https:\/\/www.fagace.org\/#website","url":"https:\/\/www.fagace.org\/","name":"{:fr}FAGACE{:}{:en}FAGACE{:}","description":"Uma institui\u00e7\u00e3o financeira ao servi\u00e7o do desenvolvimento em \u00c1frica","publisher":{"@id":"https:\/\/www.fagace.org\/#organization"},"potentialAction":[{"@type":"SearchAction","target":{"@type":"EntryPoint","urlTemplate":"https:\/\/www.fagace.org\/?s={search_term_string}"},"query-input":"required name=search_term_string"}],"inLanguage":"pt-PT"},{"@type":"Organization","@id":"https:\/\/www.fagace.org\/#organization","name":"{:fr}Fonds Africain de Garantie et de Coop\u00e9ration Economique{:}{:en}African Guarantee and Economic Cooperation Fund{:}","url":"https:\/\/www.fagace.org\/","logo":{"@type":"ImageObject","inLanguage":"pt-PT","@id":"https:\/\/www.fagace.org\/#\/schema\/logo\/image\/","url":"https:\/\/www.fagace.org\/wp-content\/uploads\/2024\/04\/2003.jpg","contentUrl":"https:\/\/www.fagace.org\/wp-content\/uploads\/2024\/04\/2003.jpg","width":580,"height":580,"caption":"{:fr}Fonds Africain de Garantie et de Coop\u00e9ration Economique{:}{:en}African Guarantee and Economic Cooperation Fund{:}"},"image":{"@id":"https:\/\/www.fagace.org\/#\/schema\/logo\/image\/"},"sameAs":["https:\/\/www.facebook.com\/fagaceorg","https:\/\/x.com\/Fagace_Officiel"]}]}},"ticketed":false,"_links":{"self":[{"href":"https:\/\/www.fagace.org\/pt\/wp-json\/wp\/v2\/pages\/5904","targetHints":{"allow":["GET"]}}],"collection":[{"href":"https:\/\/www.fagace.org\/pt\/wp-json\/wp\/v2\/pages"}],"about":[{"href":"https:\/\/www.fagace.org\/pt\/wp-json\/wp\/v2\/types\/page"}],"author":[{"embeddable":true,"href":"https:\/\/www.fagace.org\/pt\/wp-json\/wp\/v2\/users\/1"}],"replies":[{"embeddable":true,"href":"https:\/\/www.fagace.org\/pt\/wp-json\/wp\/v2\/comments?post=5904"}],"version-history":[{"count":93,"href":"https:\/\/www.fagace.org\/pt\/wp-json\/wp\/v2\/pages\/5904\/revisions"}],"predecessor-version":[{"id":14071,"href":"https:\/\/www.fagace.org\/pt\/wp-json\/wp\/v2\/pages\/5904\/revisions\/14071"}],"wp:attachment":[{"href":"https:\/\/www.fagace.org\/pt\/wp-json\/wp\/v2\/media?parent=5904"}],"curies":[{"name":"wp","href":"https:\/\/api.w.org\/{rel}","templated":true}]}}