{"id":6485,"date":"2023-05-31T00:05:48","date_gmt":"2023-05-30T22:05:48","guid":{"rendered":"https:\/\/www.fagace.org\/?page_id=6485"},"modified":"2024-04-10T21:28:26","modified_gmt":"2024-04-10T19:28:26","slug":"pays","status":"publish","type":"page","link":"https:\/\/www.fagace.org\/pt\/pays\/","title":{"rendered":"Pa\u00edses membros"},"content":{"rendered":"<p>PAYS<\/p>\n<h3>Les pays membres du FAGACE<\/h3>\n<p>Le FAGACE compte aujourd\u2019hui quatorze (14) Etats membres que sont : <strong>le B\u00e9nin<\/strong>, <strong>le Burkina Faso<\/strong>, <strong>le Cameroun<\/strong>, <strong>la Centrafrique<\/strong>, <strong>le Congo-Brazzaville<\/strong>, <strong>la c\u00f4te d\u2019Ivoire<\/strong>, <strong>la Guin\u00e9e-Bissau<\/strong>, <strong>le Mali<\/strong>, <strong>la Mauritanie<\/strong>, <strong>le Niger<\/strong>, <strong>le Rwanda<\/strong>, <strong>le S\u00e9n\u00e9gal<\/strong>, <strong>le Tchad<\/strong>, <strong>le Togo<\/strong><\/p>\n<p><a href=\"\/details-pays-benin\"><img loading=\"lazy\" decoding=\"async\" title=\"Flag_of_Benin.svg\" src=\"https:\/\/www.fagace.org\/wp-content\/uploads\/2023\/06\/Flag_of_Benin.svg-100x100.png\" alt=\"Flag_of_Benin.svg\" width=\"100\" height=\"100\" \/><\/a><\/p>\n<h3>BENIN<\/h3>\n<p>Afrique de l&#8217;Ouest<br \/>\n<a href=\"\/details-pays-benin\">Details<\/a><br \/>\n<a href=\"\/details-pays-benin\"><img loading=\"lazy\" decoding=\"async\" title=\"Flag_of_Burkina_Faso.svg\" src=\"https:\/\/www.fagace.org\/wp-content\/uploads\/2023\/06\/Flag_of_Burkina_Faso.svg-100x100.png\" alt=\"Flag_of_Burkina_Faso.svg\" width=\"100\" height=\"100\" \/><\/a><\/p>\n<h3>BURKINA-FASO<\/h3>\n<p>Afrique de l&#8217;Ouest<br \/>\n<a href=\"\/details-pays-benin\">Details<\/a><br \/>\n<a href=\"\/details-pays-benin\"><img loading=\"lazy\" decoding=\"async\" title=\"Flag_of_Cameroon.svg\" src=\"https:\/\/www.fagace.org\/wp-content\/uploads\/2023\/06\/Flag_of_Cameroon.svg-100x100.png\" alt=\"Flag_of_Cameroon.svg\" width=\"100\" height=\"100\" \/><\/a><\/p>\n<h3>CAMEROUN<\/h3>\n<p>Afrique du Centre-Ouest<br \/>\n<a href=\"\/details-pays-benin\">Details<\/a><br \/>\n<a href=\"\/details-pays-benin\"><img loading=\"lazy\" decoding=\"async\" title=\"Flag_of_the_Central_African_Republic.svg\" src=\"https:\/\/www.fagace.org\/wp-content\/uploads\/2023\/06\/Flag_of_the_Central_African_Republic.svg-100x100.png\" alt=\"Flag_of_the_Central_African_Republic.svg\" width=\"100\" height=\"100\" \/><\/a><\/p>\n<h3>CENTRAFRIQUE<\/h3>\n<p>Afrique Centrale<br \/>\n<a href=\"\/details-pays-benin\">Details<\/a><br \/>\n<a href=\"\/details-pays-benin\"><img loading=\"lazy\" decoding=\"async\" title=\"Flag_of_the_Republic_of_the_Congo.svg\" src=\"https:\/\/www.fagace.org\/wp-content\/uploads\/2023\/06\/Flag_of_the_Republic_of_the_Congo.svg-100x100.png\" alt=\"Flag_of_the_Republic_of_the_Congo.svg\" width=\"100\" height=\"100\" \/><\/a><\/p>\n<h3>CONGO BRAZAVILLE<\/h3>\n<p>Afrique Centrale<br \/>\n<a href=\"\/details-pays-benin\">Details<\/a><br \/>\n<a href=\"\/details-pays-benin\"><img loading=\"lazy\" decoding=\"async\" title=\"Flag_of_C\u00f4te_d'Ivoire.svg\" src=\"https:\/\/www.fagace.org\/wp-content\/uploads\/2023\/06\/Flag_of_Cote_dIvoire.svg-100x100.png\" alt=\"Flag_of_C\u00f4te_d'Ivoire.svg\" width=\"100\" height=\"100\" \/><\/a><\/p>\n<h3>C\u00d4TE D\u2032IVOIRE<\/h3>\n<p>Afrique de l&#8217;Ouest<br \/>\n<a href=\"\/details-pays-benin\">Details<\/a><br \/>\n<a href=\"\/details-pays-benin\"><img loading=\"lazy\" decoding=\"async\" title=\"Flag_of_Guinea-Bissau.svg\" src=\"https:\/\/www.fagace.org\/wp-content\/uploads\/2023\/06\/Flag_of_Guinea-Bissau.svg-100x100.png\" alt=\"Flag_of_Guinea-Bissau.svg\" width=\"100\" height=\"100\" \/><\/a><\/p>\n<h3>GUIN\u00c9E-BISSAU<\/h3>\n<p>Afrique de l&#8217;Ouest<br \/>\n<a href=\"\/details-pays-benin\">Details<\/a><br \/>\n<a href=\"\/details-pays-benin\"><img loading=\"lazy\" decoding=\"async\" title=\"Flag_of_Mali.svg\" src=\"https:\/\/www.fagace.org\/wp-content\/uploads\/2023\/06\/Flag_of_Mali.svg-100x100.png\" alt=\"Flag_of_Mali.svg\" width=\"100\" height=\"100\" \/><\/a><\/p>\n<h3>MALI<\/h3>\n<p>Afrique de l&#8217;Ouest<br \/>\n<a href=\"\/details-pays-benin\">Details<\/a><br \/>\n<a href=\"\/details-pays-benin\"><img loading=\"lazy\" decoding=\"async\" title=\"Flag_of_Mauritania.svg\" src=\"https:\/\/www.fagace.org\/wp-content\/uploads\/2023\/06\/Flag_of_Mauritania.svg-100x100.png\" alt=\"Flag_of_Mauritania.svg\" width=\"100\" height=\"100\" \/><\/a><\/p>\n<h3>MAURITANIE<\/h3>\n<p>Afrique du Nord-Ouest<br \/>\n<a href=\"\/details-pays-benin\">Details<\/a><br \/>\n<a href=\"\/details-pays-benin\"><img loading=\"lazy\" decoding=\"async\" title=\"Flag_of_Niger_(3-2).svg\" src=\"https:\/\/www.fagace.org\/wp-content\/uploads\/2024\/02\/Flag_of_Niger_3-2.svg-100x100.png\" alt=\"Flag_of_Niger_(3-2).svg\" width=\"100\" height=\"100\" \/><\/a><\/p>\n<h3>NIGER<\/h3>\n<p>Afrique de l&#8217;Ouest<br \/>\n<a href=\"\/details-pays-benin\">Details<\/a><br \/>\n<a href=\"\/details-pays-benin\"><img loading=\"lazy\" decoding=\"async\" title=\"Flag_of_Rwanda.svg\" src=\"https:\/\/www.fagace.org\/wp-content\/uploads\/2023\/06\/Flag_of_Rwanda.svg-100x100.png\" alt=\"Flag_of_Rwanda.svg\" width=\"100\" height=\"100\" \/><\/a><\/p>\n<h3>RWANDA<\/h3>\n<p>Afrique Equatoriale<br \/>\n<a href=\"\/details-pays-benin\">Details<\/a><br \/>\n<a href=\"\/details-pays-benin\"><img loading=\"lazy\" decoding=\"async\" title=\"Flag_of_Senegal.svg\" src=\"https:\/\/www.fagace.org\/wp-content\/uploads\/2023\/06\/Flag_of_Senegal.svg-100x100.png\" alt=\"Flag_of_Senegal.svg\" width=\"100\" height=\"100\" \/><\/a><\/p>\n<h3>S\u00c9N\u00c9GAL<\/h3>\n<p>Afrique de l&#8217;Ouest<br \/>\n<a href=\"\/details-pays-benin\">Details<\/a><br \/>\n<a href=\"\/details-pays-benin\"><img loading=\"lazy\" decoding=\"async\" title=\"langfr-2560px-Flag_of_Chad.svg\" src=\"https:\/\/www.fagace.org\/wp-content\/uploads\/2023\/06\/langfr-2560px-Flag_of_Chad.svg-100x100.png\" alt=\"langfr-2560px-Flag_of_Chad.svg\" width=\"100\" height=\"100\" \/><\/a><\/p>\n<h3>TCHAD<\/h3>\n<p>Afrique Centrale<br \/>\n<a href=\"\/details-pays-benin\">Details<\/a><br \/>\n<a href=\"\/details-pays-benin\"><img loading=\"lazy\" decoding=\"async\" title=\"Flag_of_Togo.svg\" src=\"https:\/\/www.fagace.org\/wp-content\/uploads\/2023\/06\/Flag_of_Togo.svg-100x100.png\" alt=\"Flag_of_Togo.svg\" width=\"100\" height=\"100\" \/><\/a><\/p>\n<h3>TOGO<\/h3>\n<p>Afrique de l&#8217;Ouest<br \/>\n<a href=\"\/details-pays-benin\">Details<\/a><\/p>\n","protected":false},"excerpt":{"rendered":"<p>PAYS Les pays membres du FAGACE Le FAGACE compte aujourd\u2019hui quatorze (14) Etats membres que sont : le B\u00e9nin, le Burkina Faso, le Cameroun, la Centrafrique, le Congo-Brazzaville, la c\u00f4te [&hellip;]<\/p>\n","protected":false},"author":1,"featured_media":0,"parent":0,"menu_order":0,"comment_status":"closed","ping_status":"closed","template":"","meta":{"_themeisle_gutenberg_block_has_review":false,"footnotes":""},"class_list":["post-6485","page","type-page","status-publish","hentry"],"translation":{"provider":"WPGlobus","version":"2.10.10","language":"pt","enabled_languages":["fr","en","ar","pt"],"languages":{"fr":{"title":true,"content":true,"excerpt":false},"en":{"title":true,"content":true,"excerpt":false},"ar":{"title":true,"content":false,"excerpt":false},"pt":{"title":true,"content":false,"excerpt":false}}},"yoast_head":"<!-- This site is optimized with the Yoast SEO plugin v22.7 - https:\/\/yoast.com\/wordpress\/plugins\/seo\/ -->\n<title>Pa\u00edses membros - FAGACE<\/title>\n<meta name=\"robots\" content=\"index, follow, max-snippet:-1, max-image-preview:large, max-video-preview:-1\" \/>\n<link rel=\"canonical\" href=\"https:\/\/www.fagace.org\/pays\/\" \/>\n<meta property=\"og:locale\" content=\"pt_PT\" \/>\n<meta property=\"og:type\" content=\"article\" \/>\n<meta property=\"og:title\" content=\"Pa\u00edses membros - FAGACE\" \/>\n<meta property=\"og:url\" content=\"https:\/\/www.fagace.org\/pays\/\" \/>\n<meta property=\"og:site_name\" content=\"FAGACE\" \/>\n<meta property=\"article:publisher\" content=\"https:\/\/www.facebook.com\/fagaceorg\" \/>\n<meta property=\"article:modified_time\" content=\"2024-04-10T19:28:26+00:00\" \/>\n<meta property=\"og:image\" content=\"https:\/\/www.fagace.org\/wp-content\/uploads\/2023\/06\/Flag_of_Benin.svg-100x100.png\" \/>\n<meta name=\"twitter:card\" content=\"summary_large_image\" \/>\n<meta name=\"twitter:site\" content=\"@Fagace_Officiel\" \/>\n<meta name=\"twitter:label1\" content=\"Est. reading time\" \/>\n\t<meta name=\"twitter:data1\" content=\"1 minute\" \/>\n<script type=\"application\/ld+json\" class=\"yoast-schema-graph\">{\"@context\":\"https:\/\/schema.org\",\"@graph\":[{\"@type\":\"WebPage\",\"@id\":\"https:\/\/www.fagace.org\/pays\/\",\"url\":\"https:\/\/www.fagace.org\/pays\/\",\"name\":\"Pa\u00edses membros - FAGACE\",\"isPartOf\":{\"@id\":\"https:\/\/www.fagace.org\/#website\"},\"primaryImageOfPage\":{\"@id\":\"https:\/\/www.fagace.org\/pays\/#primaryimage\"},\"image\":{\"@id\":\"https:\/\/www.fagace.org\/pays\/#primaryimage\"},\"thumbnailUrl\":\"https:\/\/www.fagace.org\/wp-content\/uploads\/2023\/06\/Flag_of_Benin.svg-100x100.png\",\"datePublished\":\"2023-05-30T22:05:48+00:00\",\"dateModified\":\"2024-04-10T19:28:26+00:00\",\"breadcrumb\":{\"@id\":\"https:\/\/www.fagace.org\/pays\/#breadcrumb\"},\"inLanguage\":\"pt-PT\",\"potentialAction\":[{\"@type\":\"ReadAction\",\"target\":[\"https:\/\/www.fagace.org\/pays\/\"]}]},{\"@type\":\"ImageObject\",\"inLanguage\":\"pt-PT\",\"@id\":\"https:\/\/www.fagace.org\/pays\/#primaryimage\",\"url\":\"https:\/\/www.fagace.org\/wp-content\/uploads\/2023\/06\/Flag_of_Benin.svg-100x100.png\",\"contentUrl\":\"https:\/\/www.fagace.org\/wp-content\/uploads\/2023\/06\/Flag_of_Benin.svg-100x100.png\"},{\"@type\":\"BreadcrumbList\",\"@id\":\"https:\/\/www.fagace.org\/pays\/#breadcrumb\",\"itemListElement\":[{\"@type\":\"ListItem\",\"position\":1,\"name\":\"Accueil\",\"item\":\"https:\/\/www.fagace.org\/\"},{\"@type\":\"ListItem\",\"position\":2,\"name\":\"Pays membres\"}]},{\"@type\":\"WebSite\",\"@id\":\"https:\/\/www.fagace.org\/#website\",\"url\":\"https:\/\/www.fagace.org\/\",\"name\":\"{:fr}FAGACE{:}{:en}FAGACE{:}\",\"description\":\"Uma institui\u00e7\u00e3o financeira ao servi\u00e7o do desenvolvimento em \u00c1frica\",\"publisher\":{\"@id\":\"https:\/\/www.fagace.org\/#organization\"},\"potentialAction\":[{\"@type\":\"SearchAction\",\"target\":{\"@type\":\"EntryPoint\",\"urlTemplate\":\"https:\/\/www.fagace.org\/?s={search_term_string}\"},\"query-input\":\"required name=search_term_string\"}],\"inLanguage\":\"pt-PT\"},{\"@type\":\"Organization\",\"@id\":\"https:\/\/www.fagace.org\/#organization\",\"name\":\"{:fr}Fonds Africain de Garantie et de Coop\u00e9ration Economique{:}{:en}African Guarantee and Economic Cooperation Fund{:}\",\"url\":\"https:\/\/www.fagace.org\/\",\"logo\":{\"@type\":\"ImageObject\",\"inLanguage\":\"pt-PT\",\"@id\":\"https:\/\/www.fagace.org\/#\/schema\/logo\/image\/\",\"url\":\"https:\/\/www.fagace.org\/wp-content\/uploads\/2024\/04\/2003.jpg\",\"contentUrl\":\"https:\/\/www.fagace.org\/wp-content\/uploads\/2024\/04\/2003.jpg\",\"width\":580,\"height\":580,\"caption\":\"{:fr}Fonds Africain de Garantie et de Coop\u00e9ration Economique{:}{:en}African Guarantee and Economic Cooperation Fund{:}\"},\"image\":{\"@id\":\"https:\/\/www.fagace.org\/#\/schema\/logo\/image\/\"},\"sameAs\":[\"https:\/\/www.facebook.com\/fagaceorg\",\"https:\/\/x.com\/Fagace_Officiel\"]}]}<\/script>\n<!-- \/ Yoast SEO plugin. -->","yoast_head_json":{"title":"Pa\u00edses membros - FAGACE","robots":{"index":"index","follow":"follow","max-snippet":"max-snippet:-1","max-image-preview":"max-image-preview:large","max-video-preview":"max-video-preview:-1"},"canonical":"https:\/\/www.fagace.org\/pays\/","og_locale":"pt_PT","og_type":"article","og_title":"Pa\u00edses membros - FAGACE","og_url":"https:\/\/www.fagace.org\/pays\/","og_site_name":"FAGACE","article_publisher":"https:\/\/www.facebook.com\/fagaceorg","article_modified_time":"2024-04-10T19:28:26+00:00","og_image":[{"url":"https:\/\/www.fagace.org\/wp-content\/uploads\/2023\/06\/Flag_of_Benin.svg-100x100.png"}],"twitter_card":"summary_large_image","twitter_site":"@Fagace_Officiel","twitter_misc":{"Est. reading time":"1 minute"},"schema":{"@context":"https:\/\/schema.org","@graph":[{"@type":"WebPage","@id":"https:\/\/www.fagace.org\/pays\/","url":"https:\/\/www.fagace.org\/pays\/","name":"Pa\u00edses membros - FAGACE","isPartOf":{"@id":"https:\/\/www.fagace.org\/#website"},"primaryImageOfPage":{"@id":"https:\/\/www.fagace.org\/pays\/#primaryimage"},"image":{"@id":"https:\/\/www.fagace.org\/pays\/#primaryimage"},"thumbnailUrl":"https:\/\/www.fagace.org\/wp-content\/uploads\/2023\/06\/Flag_of_Benin.svg-100x100.png","datePublished":"2023-05-30T22:05:48+00:00","dateModified":"2024-04-10T19:28:26+00:00","breadcrumb":{"@id":"https:\/\/www.fagace.org\/pays\/#breadcrumb"},"inLanguage":"pt-PT","potentialAction":[{"@type":"ReadAction","target":["https:\/\/www.fagace.org\/pays\/"]}]},{"@type":"ImageObject","inLanguage":"pt-PT","@id":"https:\/\/www.fagace.org\/pays\/#primaryimage","url":"https:\/\/www.fagace.org\/wp-content\/uploads\/2023\/06\/Flag_of_Benin.svg-100x100.png","contentUrl":"https:\/\/www.fagace.org\/wp-content\/uploads\/2023\/06\/Flag_of_Benin.svg-100x100.png"},{"@type":"BreadcrumbList","@id":"https:\/\/www.fagace.org\/pays\/#breadcrumb","itemListElement":[{"@type":"ListItem","position":1,"name":"Accueil","item":"https:\/\/www.fagace.org\/"},{"@type":"ListItem","position":2,"name":"Pays membres"}]},{"@type":"WebSite","@id":"https:\/\/www.fagace.org\/#website","url":"https:\/\/www.fagace.org\/","name":"{:fr}FAGACE{:}{:en}FAGACE{:}","description":"Uma institui\u00e7\u00e3o financeira ao servi\u00e7o do desenvolvimento em \u00c1frica","publisher":{"@id":"https:\/\/www.fagace.org\/#organization"},"potentialAction":[{"@type":"SearchAction","target":{"@type":"EntryPoint","urlTemplate":"https:\/\/www.fagace.org\/?s={search_term_string}"},"query-input":"required name=search_term_string"}],"inLanguage":"pt-PT"},{"@type":"Organization","@id":"https:\/\/www.fagace.org\/#organization","name":"{:fr}Fonds Africain de Garantie et de Coop\u00e9ration Economique{:}{:en}African Guarantee and Economic Cooperation Fund{:}","url":"https:\/\/www.fagace.org\/","logo":{"@type":"ImageObject","inLanguage":"pt-PT","@id":"https:\/\/www.fagace.org\/#\/schema\/logo\/image\/","url":"https:\/\/www.fagace.org\/wp-content\/uploads\/2024\/04\/2003.jpg","contentUrl":"https:\/\/www.fagace.org\/wp-content\/uploads\/2024\/04\/2003.jpg","width":580,"height":580,"caption":"{:fr}Fonds Africain de Garantie et de Coop\u00e9ration Economique{:}{:en}African Guarantee and Economic Cooperation Fund{:}"},"image":{"@id":"https:\/\/www.fagace.org\/#\/schema\/logo\/image\/"},"sameAs":["https:\/\/www.facebook.com\/fagaceorg","https:\/\/x.com\/Fagace_Officiel"]}]}},"ticketed":false,"_links":{"self":[{"href":"https:\/\/www.fagace.org\/pt\/wp-json\/wp\/v2\/pages\/6485","targetHints":{"allow":["GET"]}}],"collection":[{"href":"https:\/\/www.fagace.org\/pt\/wp-json\/wp\/v2\/pages"}],"about":[{"href":"https:\/\/www.fagace.org\/pt\/wp-json\/wp\/v2\/types\/page"}],"author":[{"embeddable":true,"href":"https:\/\/www.fagace.org\/pt\/wp-json\/wp\/v2\/users\/1"}],"replies":[{"embeddable":true,"href":"https:\/\/www.fagace.org\/pt\/wp-json\/wp\/v2\/comments?post=6485"}],"version-history":[{"count":176,"href":"https:\/\/www.fagace.org\/pt\/wp-json\/wp\/v2\/pages\/6485\/revisions"}],"predecessor-version":[{"id":15769,"href":"https:\/\/www.fagace.org\/pt\/wp-json\/wp\/v2\/pages\/6485\/revisions\/15769"}],"wp:attachment":[{"href":"https:\/\/www.fagace.org\/pt\/wp-json\/wp\/v2\/media?parent=6485"}],"curies":[{"name":"wp","href":"https:\/\/api.w.org\/{rel}","templated":true}]}}