{"id":8525,"date":"2023-06-29T04:43:02","date_gmt":"2023-06-29T02:43:02","guid":{"rendered":"https:\/\/www.fagace.org\/?page_id=8525"},"modified":"2024-04-03T17:25:03","modified_gmt":"2024-04-03T15:25:03","slug":"temoignages","status":"publish","type":"page","link":"https:\/\/www.fagace.org\/pt\/temoignages\/","title":{"rendered":"T\u00e9moignages"},"content":{"rendered":"\t\t<div data-elementor-type=\"wp-page\" data-elementor-id=\"8525\" class=\"elementor elementor-8525\">\n\t\t\t\t\t\t\t        <section class=\"elementor-section elementor-top-section elementor-element elementor-element-2951602 elementor-section-boxed elementor-section-height-default elementor-section-height-default\" data-id=\"2951602\" data-element_type=\"section\">\n            \n                        <div class=\"elementor-container elementor-column-gap-extended \">\n                    <div class=\"elementor-column elementor-col-100 elementor-top-column elementor-element elementor-element-641bb4e0\" data-id=\"641bb4e0\" data-element_type=\"column\">\n            <div class=\"elementor-widget-wrap elementor-element-populated\">\n                                <section class=\"elementor-section elementor-inner-section elementor-element elementor-element-3d76e6b elementor-section-content-middle elementor-section-boxed elementor-section-height-default elementor-section-height-default\" data-id=\"3d76e6b\" data-element_type=\"section\">\n            \n                        <div class=\"elementor-container elementor-column-gap-extended \">\n                    <div class=\"elementor-column elementor-col-50 elementor-inner-column elementor-element elementor-element-4429daa1\" data-id=\"4429daa1\" data-element_type=\"column\">\n            <div class=\"elementor-widget-wrap elementor-element-populated\">\n                        \t\t<div class=\"elementor-element elementor-element-d999afc elementor-widget elementor-widget-ct_heading\" data-id=\"d999afc\" data-element_type=\"widget\" data-widget_type=\"ct_heading.default\">\n\t\t\t\t<div class=\"elementor-widget-container\">\n\t\t\t<div class=\"ct-heading h-align-  sub-style3 ct-heading-left item-st-default\" data-wow-delay=\"ms\">\n\t\t\t<div class=\"item--sub-title style3 show-line\">\n            T\u00e9moignages                                <\/div>\n\t    <h3 class=\"item--title st-default\">\n                <span>\n                        Ils t\u00e9moignent                    <\/span>\n            <\/h3>\n<\/div>\t\t<\/div>\n\t\t\t\t<\/div>\n\t\t            <\/div>\n        <\/div>\n                <div class=\"elementor-column elementor-col-50 elementor-inner-column elementor-element elementor-element-7aa83023\" data-id=\"7aa83023\" data-element_type=\"column\">\n            <div class=\"elementor-widget-wrap elementor-element-populated\">\n                        \t\t<div class=\"elementor-element elementor-element-1011a43d wow fadeInRight elementor-widget elementor-widget-text-editor\" data-id=\"1011a43d\" data-element_type=\"widget\" data-widget_type=\"text-editor.default\">\n\t\t\t\t<div class=\"elementor-widget-container\">\n\t\t\t<style>\/*! elementor - v3.12.1 - 02-04-2023 *\/\n.elementor-widget-text-editor.elementor-drop-cap-view-stacked .elementor-drop-cap{background-color:#69727d;color:#fff}.elementor-widget-text-editor.elementor-drop-cap-view-framed .elementor-drop-cap{color:#69727d;border:3px solid;background-color:transparent}.elementor-widget-text-editor:not(.elementor-drop-cap-view-default) .elementor-drop-cap{margin-top:8px}.elementor-widget-text-editor:not(.elementor-drop-cap-view-default) .elementor-drop-cap-letter{width:1em;height:1em}.elementor-widget-text-editor .elementor-drop-cap{float:left;text-align:center;line-height:1;font-size:50px}.elementor-widget-text-editor .elementor-drop-cap-letter{display:inline-block}<\/style>\t\t\t\t<p>Notre professionnalisme et notre engagement aux c\u00f4t\u00e9s de nos clients et partenaires&nbsp; font de nous un interlocuteur de choix pour vos diff\u00e9rents besoins en termes de garantie.<br>Vous d\u00e9couvrirez ici les t\u00e9moignages et reconnaissances de ces organisations qui ne cessent de nous faire confiance<\/p>\t\t\t\t\t\t<\/div>\n\t\t\t\t<\/div>\n\t\t            <\/div>\n        <\/div>\n                            <\/div>\n        <\/section>\n        \t\t<div class=\"elementor-element elementor-element-467b22a1 elementor-widget elementor-widget-ct_testimonial_grid\" data-id=\"467b22a1\" data-element_type=\"widget\" data-widget_type=\"ct_testimonial_grid.default\">\n\t\t\t\t<div class=\"elementor-widget-container\">\n\t\t\t    <div class=\"ct-grid ct-testimonial-grid4\">\n        <div class=\"ct-grid-inner ct-grid-masonry row animate-time\" data-gutter=\"7\">\n                            <div class=\"grid-item col-xl-6 col-lg-6 col-md-6 col-sm-12 col-12\">\n                    <div class=\"item--inner wow fadeInUp\">\n                        <div class=\"item--holder\">\n                                                            <div class=\"item--image\">\n                                    <img loading=\"lazy\" decoding=\"async\" class=\"\" src=\"https:\/\/www.fagace.org\/wp-content\/uploads\/2024\/04\/icon_membre_fagace.png\" width=\"250\" height=\"250\" alt=\"icon_membre_fagace\" title=\"icon_membre_fagace\" \/>                                    <div class=\"item--social\">\n                                                                                        <a href=\"#\"><i class=\"\"><\/i><\/a>\n                                                                                <\/div>\n                                <\/div>\n                                                        <div class=\"item--meta\">\n                                <h3 class=\"item--title\">    \n                                    Nom et pr\u00e9noms                                <\/h3>\n                                <div class=\"item--position\">Executive Manager<\/div>\n                            <\/div>\n                        <\/div>\n                        <div class=\"item--content\">\n                            <div class=\"item-icon\">\u201c<\/div>\n                            <div class=\"item--description\">ici le texte du t\u00e9moignage \u00e0 fournir par le FAGACE  ainsi que les noms et prenoms et titre de la personne qui fait le t\u00e9moignage<\/div>\n                            <div class=\"item-rating\">\n                                <i class=\"fac fac-star\"><\/i>\n                                <i class=\"fac fac-star\"><\/i>\n                                <i class=\"fac fac-star\"><\/i>\n                                <i class=\"fac fac-star\"><\/i>\n                                <i class=\"fac fac-star\"><\/i>\n                            <\/div>\n                        <\/div>\n                   <\/div>\n                <\/div>\n                            <div class=\"grid-item col-xl-6 col-lg-6 col-md-6 col-sm-12 col-12\">\n                    <div class=\"item--inner wow fadeInUp\">\n                        <div class=\"item--holder\">\n                                                            <div class=\"item--image\">\n                                    <img loading=\"lazy\" decoding=\"async\" class=\"\" src=\"https:\/\/www.fagace.org\/wp-content\/uploads\/2024\/04\/icon_membre_fagace.png\" width=\"250\" height=\"250\" alt=\"icon_membre_fagace\" title=\"icon_membre_fagace\" \/>                                    <div class=\"item--social\">\n                                                                                        <a href=\"\"><i class=\"\"><\/i><\/a>\n                                                                                <\/div>\n                                <\/div>\n                                                        <div class=\"item--meta\">\n                                <h3 class=\"item--title\">    \n                                    Nom et pr\u00e9noms                                <\/h3>\n                                <div class=\"item--position\">SEO Manager<\/div>\n                            <\/div>\n                        <\/div>\n                        <div class=\"item--content\">\n                            <div class=\"item-icon\">\u201c<\/div>\n                            <div class=\"item--description\">ici le texte du t\u00e9moignage \u00e0 fournir par le FAGACE  ainsi que les noms et prenoms et titre de la personne qui fait le t\u00e9moignage<\/div>\n                            <div class=\"item-rating\">\n                                <i class=\"fac fac-star\"><\/i>\n                                <i class=\"fac fac-star\"><\/i>\n                                <i class=\"fac fac-star\"><\/i>\n                                <i class=\"fac fac-star\"><\/i>\n                                <i class=\"fac fac-star\"><\/i>\n                            <\/div>\n                        <\/div>\n                   <\/div>\n                <\/div>\n                            <div class=\"grid-item col-xl-6 col-lg-6 col-md-6 col-sm-12 col-12\">\n                    <div class=\"item--inner wow fadeInUp\">\n                        <div class=\"item--holder\">\n                                                            <div class=\"item--image\">\n                                    <img loading=\"lazy\" decoding=\"async\" class=\"\" src=\"https:\/\/www.fagace.org\/wp-content\/uploads\/2024\/04\/icon_membre_fagace.png\" width=\"250\" height=\"250\" alt=\"icon_membre_fagace\" title=\"icon_membre_fagace\" \/>                                    <div class=\"item--social\">\n                                                                                        <a href=\"\"><i class=\"\"><\/i><\/a>\n                                                                                <\/div>\n                                <\/div>\n                                                        <div class=\"item--meta\">\n                                <h3 class=\"item--title\">    \n                                    Nom et pr\u00e9noms                                <\/h3>\n                                <div class=\"item--position\">Executive Manager<\/div>\n                            <\/div>\n                        <\/div>\n                        <div class=\"item--content\">\n                            <div class=\"item-icon\">\u201c<\/div>\n                            <div class=\"item--description\">ici le texte du t\u00e9moignage \u00e0 fournir par le FAGACE  ainsi que les noms et prenoms et titre de la personne qui fait le t\u00e9moignage<\/div>\n                            <div class=\"item-rating\">\n                                <i class=\"fac fac-star\"><\/i>\n                                <i class=\"fac fac-star\"><\/i>\n                                <i class=\"fac fac-star\"><\/i>\n                                <i class=\"fac fac-star\"><\/i>\n                                <i class=\"fac fac-star\"><\/i>\n                            <\/div>\n                        <\/div>\n                   <\/div>\n                <\/div>\n                            <div class=\"grid-item col-xl-6 col-lg-6 col-md-6 col-sm-12 col-12\">\n                    <div class=\"item--inner wow fadeInUp\">\n                        <div class=\"item--holder\">\n                                                            <div class=\"item--image\">\n                                    <img loading=\"lazy\" decoding=\"async\" class=\"\" src=\"https:\/\/www.fagace.org\/wp-content\/uploads\/2024\/04\/icon_membre_fagace.png\" width=\"250\" height=\"250\" alt=\"icon_membre_fagace\" title=\"icon_membre_fagace\" \/>                                    <div class=\"item--social\">\n                                                                                        <a href=\"\"><i class=\"\"><\/i><\/a>\n                                                                                <\/div>\n                                <\/div>\n                                                        <div class=\"item--meta\">\n                                <h3 class=\"item--title\">    \n                                    Nom et pr\u00e9noms                                <\/h3>\n                                <div class=\"item--position\">SEO Manager<\/div>\n                            <\/div>\n                        <\/div>\n                        <div class=\"item--content\">\n                            <div class=\"item-icon\">\u201c<\/div>\n                            <div class=\"item--description\">ici le texte du t\u00e9moignage \u00e0 fournir par le FAGACE  ainsi que les noms et prenoms et titre de la personne qui fait le t\u00e9moignage<\/div>\n                            <div class=\"item-rating\">\n                                <i class=\"fac fac-star\"><\/i>\n                                <i class=\"fac fac-star\"><\/i>\n                                <i class=\"fac fac-star\"><\/i>\n                                <i class=\"fac fac-star\"><\/i>\n                                <i class=\"fac fac-star\"><\/i>\n                            <\/div>\n                        <\/div>\n                   <\/div>\n                <\/div>\n                        <div class=\"grid-sizer col-xl-6 col-lg-6 col-md-6 col-sm-12 col-12\"><\/div>\n        <\/div>\n    <\/div>\n\t\t<\/div>\n\t\t\t\t<\/div>\n\t\t\t\t<div class=\"elementor-element elementor-element-27a621ab elementor-align-center elementor-widget elementor-widget-ct_button\" data-id=\"27a621ab\" data-element_type=\"widget\" data-widget_type=\"ct_button.default\">\n\t\t\t\t<div class=\"elementor-widget-container\">\n\t\t\t<div class=\"ct-button-wrapper ct-button-layout1\">\n            <span class=\"ct-icon-active\"><\/span>\n        <a href=\"#\" class=\"btn btn-default btn-inline-block wow fadeInUp \" data-wow-delay=\"ms\">\n                            <span class=\"ct-button-icon ct-align-icon-\">\n                            <\/span>\n                <span class=\"ct-button-text\">Voir plus<\/span>\n    <\/a>\n<\/div>\t\t<\/div>\n\t\t\t\t<\/div>\n\t\t            <\/div>\n        <\/div>\n                            <\/div>\n        <\/section>\n        \t\t\t\t\t<\/div>\n\t\t","protected":false},"excerpt":{"rendered":"<p>T\u00e9moignages Ils t\u00e9moignent Notre professionnalisme et notre engagement aux c\u00f4t\u00e9s de nos clients et partenaires&nbsp; font de nous un interlocuteur de choix pour vos diff\u00e9rents besoins en termes de garantie.Vous [&hellip;]<\/p>\n","protected":false},"author":1,"featured_media":0,"parent":0,"menu_order":0,"comment_status":"open","ping_status":"closed","template":"","meta":{"_themeisle_gutenberg_block_has_review":false,"footnotes":""},"class_list":["post-8525","page","type-page","status-publish","hentry"],"translation":{"provider":"WPGlobus","version":"2.10.10","language":"pt","enabled_languages":["fr","en","ar","pt"],"languages":{"fr":{"title":true,"content":true,"excerpt":false},"en":{"title":false,"content":false,"excerpt":false},"ar":{"title":false,"content":false,"excerpt":false},"pt":{"title":false,"content":false,"excerpt":false}}},"yoast_head":"<!-- This site is optimized with the Yoast SEO plugin v22.7 - https:\/\/yoast.com\/wordpress\/plugins\/seo\/ -->\n<title>T\u00e9moignages - FAGACE<\/title>\n<meta name=\"robots\" content=\"index, follow, max-snippet:-1, max-image-preview:large, max-video-preview:-1\" \/>\n<link rel=\"canonical\" href=\"https:\/\/www.fagace.org\/temoignages\/\" \/>\n<meta property=\"og:locale\" content=\"pt_PT\" \/>\n<meta property=\"og:type\" content=\"article\" \/>\n<meta property=\"og:title\" content=\"T\u00e9moignages - FAGACE\" \/>\n<meta property=\"og:url\" content=\"https:\/\/www.fagace.org\/temoignages\/\" \/>\n<meta property=\"og:site_name\" content=\"FAGACE\" \/>\n<meta property=\"article:publisher\" content=\"https:\/\/www.facebook.com\/fagaceorg\" \/>\n<meta property=\"article:modified_time\" content=\"2024-04-03T15:25:03+00:00\" \/>\n<meta property=\"og:image\" content=\"https:\/\/www.fagace.org\/wp-content\/uploads\/2024\/04\/icon_membre_fagace.png\" \/>\n<meta name=\"twitter:card\" content=\"summary_large_image\" \/>\n<meta name=\"twitter:site\" content=\"@Fagace_Officiel\" \/>\n<meta name=\"twitter:label1\" content=\"Est. reading time\" \/>\n\t<meta name=\"twitter:data1\" content=\"1 minute\" \/>\n<script type=\"application\/ld+json\" class=\"yoast-schema-graph\">{\"@context\":\"https:\/\/schema.org\",\"@graph\":[{\"@type\":\"WebPage\",\"@id\":\"https:\/\/www.fagace.org\/temoignages\/\",\"url\":\"https:\/\/www.fagace.org\/temoignages\/\",\"name\":\"T\u00e9moignages - FAGACE\",\"isPartOf\":{\"@id\":\"https:\/\/www.fagace.org\/#website\"},\"primaryImageOfPage\":{\"@id\":\"https:\/\/www.fagace.org\/temoignages\/#primaryimage\"},\"image\":{\"@id\":\"https:\/\/www.fagace.org\/temoignages\/#primaryimage\"},\"thumbnailUrl\":\"https:\/\/www.fagace.org\/wp-content\/uploads\/2024\/04\/icon_membre_fagace.png\",\"datePublished\":\"2023-06-29T02:43:02+00:00\",\"dateModified\":\"2024-04-03T15:25:03+00:00\",\"breadcrumb\":{\"@id\":\"https:\/\/www.fagace.org\/temoignages\/#breadcrumb\"},\"inLanguage\":\"pt-PT\",\"potentialAction\":[{\"@type\":\"ReadAction\",\"target\":[\"https:\/\/www.fagace.org\/temoignages\/\"]}]},{\"@type\":\"ImageObject\",\"inLanguage\":\"pt-PT\",\"@id\":\"https:\/\/www.fagace.org\/temoignages\/#primaryimage\",\"url\":\"https:\/\/www.fagace.org\/wp-content\/uploads\/2024\/04\/icon_membre_fagace.png\",\"contentUrl\":\"https:\/\/www.fagace.org\/wp-content\/uploads\/2024\/04\/icon_membre_fagace.png\"},{\"@type\":\"BreadcrumbList\",\"@id\":\"https:\/\/www.fagace.org\/temoignages\/#breadcrumb\",\"itemListElement\":[{\"@type\":\"ListItem\",\"position\":1,\"name\":\"Accueil\",\"item\":\"https:\/\/www.fagace.org\/\"},{\"@type\":\"ListItem\",\"position\":2,\"name\":\"T\u00e9moignages\"}]},{\"@type\":\"WebSite\",\"@id\":\"https:\/\/www.fagace.org\/#website\",\"url\":\"https:\/\/www.fagace.org\/\",\"name\":\"{:fr}FAGACE{:}{:en}FAGACE{:}\",\"description\":\"Uma institui\u00e7\u00e3o financeira ao servi\u00e7o do desenvolvimento em \u00c1frica\",\"publisher\":{\"@id\":\"https:\/\/www.fagace.org\/#organization\"},\"potentialAction\":[{\"@type\":\"SearchAction\",\"target\":{\"@type\":\"EntryPoint\",\"urlTemplate\":\"https:\/\/www.fagace.org\/?s={search_term_string}\"},\"query-input\":\"required name=search_term_string\"}],\"inLanguage\":\"pt-PT\"},{\"@type\":\"Organization\",\"@id\":\"https:\/\/www.fagace.org\/#organization\",\"name\":\"{:fr}Fonds Africain de Garantie et de Coop\u00e9ration Economique{:}{:en}African Guarantee and Economic Cooperation Fund{:}\",\"url\":\"https:\/\/www.fagace.org\/\",\"logo\":{\"@type\":\"ImageObject\",\"inLanguage\":\"pt-PT\",\"@id\":\"https:\/\/www.fagace.org\/#\/schema\/logo\/image\/\",\"url\":\"https:\/\/www.fagace.org\/wp-content\/uploads\/2024\/04\/2003.jpg\",\"contentUrl\":\"https:\/\/www.fagace.org\/wp-content\/uploads\/2024\/04\/2003.jpg\",\"width\":580,\"height\":580,\"caption\":\"{:fr}Fonds Africain de Garantie et de Coop\u00e9ration Economique{:}{:en}African Guarantee and Economic Cooperation Fund{:}\"},\"image\":{\"@id\":\"https:\/\/www.fagace.org\/#\/schema\/logo\/image\/\"},\"sameAs\":[\"https:\/\/www.facebook.com\/fagaceorg\",\"https:\/\/x.com\/Fagace_Officiel\"]}]}<\/script>\n<!-- \/ Yoast SEO plugin. -->","yoast_head_json":{"title":"T\u00e9moignages - FAGACE","robots":{"index":"index","follow":"follow","max-snippet":"max-snippet:-1","max-image-preview":"max-image-preview:large","max-video-preview":"max-video-preview:-1"},"canonical":"https:\/\/www.fagace.org\/temoignages\/","og_locale":"pt_PT","og_type":"article","og_title":"T\u00e9moignages - FAGACE","og_url":"https:\/\/www.fagace.org\/temoignages\/","og_site_name":"FAGACE","article_publisher":"https:\/\/www.facebook.com\/fagaceorg","article_modified_time":"2024-04-03T15:25:03+00:00","og_image":[{"url":"https:\/\/www.fagace.org\/wp-content\/uploads\/2024\/04\/icon_membre_fagace.png"}],"twitter_card":"summary_large_image","twitter_site":"@Fagace_Officiel","twitter_misc":{"Est. reading time":"1 minute"},"schema":{"@context":"https:\/\/schema.org","@graph":[{"@type":"WebPage","@id":"https:\/\/www.fagace.org\/temoignages\/","url":"https:\/\/www.fagace.org\/temoignages\/","name":"T\u00e9moignages - FAGACE","isPartOf":{"@id":"https:\/\/www.fagace.org\/#website"},"primaryImageOfPage":{"@id":"https:\/\/www.fagace.org\/temoignages\/#primaryimage"},"image":{"@id":"https:\/\/www.fagace.org\/temoignages\/#primaryimage"},"thumbnailUrl":"https:\/\/www.fagace.org\/wp-content\/uploads\/2024\/04\/icon_membre_fagace.png","datePublished":"2023-06-29T02:43:02+00:00","dateModified":"2024-04-03T15:25:03+00:00","breadcrumb":{"@id":"https:\/\/www.fagace.org\/temoignages\/#breadcrumb"},"inLanguage":"pt-PT","potentialAction":[{"@type":"ReadAction","target":["https:\/\/www.fagace.org\/temoignages\/"]}]},{"@type":"ImageObject","inLanguage":"pt-PT","@id":"https:\/\/www.fagace.org\/temoignages\/#primaryimage","url":"https:\/\/www.fagace.org\/wp-content\/uploads\/2024\/04\/icon_membre_fagace.png","contentUrl":"https:\/\/www.fagace.org\/wp-content\/uploads\/2024\/04\/icon_membre_fagace.png"},{"@type":"BreadcrumbList","@id":"https:\/\/www.fagace.org\/temoignages\/#breadcrumb","itemListElement":[{"@type":"ListItem","position":1,"name":"Accueil","item":"https:\/\/www.fagace.org\/"},{"@type":"ListItem","position":2,"name":"T\u00e9moignages"}]},{"@type":"WebSite","@id":"https:\/\/www.fagace.org\/#website","url":"https:\/\/www.fagace.org\/","name":"{:fr}FAGACE{:}{:en}FAGACE{:}","description":"Uma institui\u00e7\u00e3o financeira ao servi\u00e7o do desenvolvimento em \u00c1frica","publisher":{"@id":"https:\/\/www.fagace.org\/#organization"},"potentialAction":[{"@type":"SearchAction","target":{"@type":"EntryPoint","urlTemplate":"https:\/\/www.fagace.org\/?s={search_term_string}"},"query-input":"required name=search_term_string"}],"inLanguage":"pt-PT"},{"@type":"Organization","@id":"https:\/\/www.fagace.org\/#organization","name":"{:fr}Fonds Africain de Garantie et de Coop\u00e9ration Economique{:}{:en}African Guarantee and Economic Cooperation Fund{:}","url":"https:\/\/www.fagace.org\/","logo":{"@type":"ImageObject","inLanguage":"pt-PT","@id":"https:\/\/www.fagace.org\/#\/schema\/logo\/image\/","url":"https:\/\/www.fagace.org\/wp-content\/uploads\/2024\/04\/2003.jpg","contentUrl":"https:\/\/www.fagace.org\/wp-content\/uploads\/2024\/04\/2003.jpg","width":580,"height":580,"caption":"{:fr}Fonds Africain de Garantie et de Coop\u00e9ration Economique{:}{:en}African Guarantee and Economic Cooperation Fund{:}"},"image":{"@id":"https:\/\/www.fagace.org\/#\/schema\/logo\/image\/"},"sameAs":["https:\/\/www.facebook.com\/fagaceorg","https:\/\/x.com\/Fagace_Officiel"]}]}},"ticketed":false,"_links":{"self":[{"href":"https:\/\/www.fagace.org\/pt\/wp-json\/wp\/v2\/pages\/8525","targetHints":{"allow":["GET"]}}],"collection":[{"href":"https:\/\/www.fagace.org\/pt\/wp-json\/wp\/v2\/pages"}],"about":[{"href":"https:\/\/www.fagace.org\/pt\/wp-json\/wp\/v2\/types\/page"}],"author":[{"embeddable":true,"href":"https:\/\/www.fagace.org\/pt\/wp-json\/wp\/v2\/users\/1"}],"replies":[{"embeddable":true,"href":"https:\/\/www.fagace.org\/pt\/wp-json\/wp\/v2\/comments?post=8525"}],"version-history":[{"count":41,"href":"https:\/\/www.fagace.org\/pt\/wp-json\/wp\/v2\/pages\/8525\/revisions"}],"predecessor-version":[{"id":13782,"href":"https:\/\/www.fagace.org\/pt\/wp-json\/wp\/v2\/pages\/8525\/revisions\/13782"}],"wp:attachment":[{"href":"https:\/\/www.fagace.org\/pt\/wp-json\/wp\/v2\/media?parent=8525"}],"curies":[{"name":"wp","href":"https:\/\/api.w.org\/{rel}","templated":true}]}}