{"id":8545,"date":"2023-06-29T10:29:59","date_gmt":"2023-06-29T08:29:59","guid":{"rendered":"https:\/\/www.fagace.org\/?page_id=8545"},"modified":"2024-10-09T16:42:15","modified_gmt":"2024-10-09T14:42:15","slug":"inscription-a-une-formation","status":"publish","type":"page","link":"https:\/\/www.fagace.org\/pt\/inscription-a-une-formation\/","title":{"rendered":"Inscri\u00e7\u00e3o num curso"},"content":{"rendered":"<p>FORMA\u00c7\u00c3O                                <\/p>\n<h3>\n                        Inscri\u00e7\u00e3o num curso<br \/>\n            <\/h3>\n<p>\u00c9 aqui que pode inscrever-se nos nossos cursos de forma\u00e7\u00e3o de ponta, concebidos para o dotar das compet\u00eancias e qualifica\u00e7\u00f5es necess\u00e1rias para levar a sua carreira para o n\u00edvel seguinte.<\/p>\n<h3>\n                            <i><\/i><br \/>\n                        Registe-se aqui!<br \/>\n            <\/h3>\n<p role=\"status\" aria-live=\"polite\" aria-atomic=\"true\">\n<ul><\/ul>\n<form action=\"\/wp-admin\/admin-ajax.php#wpcf7-f8568-o3\" method=\"post\" aria-label=\"Contact form\" novalidate=\"novalidate\" data-status=\"init\">\n<input type=\"hidden\" name=\"_wpcf7\" value=\"8568\" \/><br \/>\n<input type=\"hidden\" name=\"_wpcf7_version\" value=\"5.7.5.1\" \/><br \/>\n<input type=\"hidden\" name=\"_wpcf7_locale\" value=\"en_US\" \/><br \/>\n<input type=\"hidden\" name=\"_wpcf7_unit_tag\" value=\"wpcf7-f8568-o3\" \/><br \/>\n<input type=\"hidden\" name=\"_wpcf7_container_post\" value=\"0\" \/><br \/>\n<input type=\"hidden\" name=\"_wpcf7_posted_data_hash\" value=\"\" \/><br \/>\n<input type=\"hidden\" name=\"_wpcf7_recaptcha_response\" value=\"\" \/><\/p>\n<p><input size=\"40\" aria-required=\"true\" aria-invalid=\"false\" placeholder=\"Nom et pr\u00e9noms*\" value=\"\" type=\"text\" name=\"nom-prenoms\" \/>\n\t\t<\/p>\n<p><input size=\"40\" aria-required=\"true\" aria-invalid=\"false\" placeholder=\"T\u00e9l\u00e9phone*\" value=\"\" type=\"text\" name=\"your-phone\" \/>\n\t\t<\/p>\n<p><input size=\"40\" aria-required=\"true\" aria-invalid=\"false\" placeholder=\"Votre email*\" value=\"\" type=\"email\" name=\"your-mail\" \/>\n\t\t<\/p>\n<p><select aria-required=\"true\" aria-invalid=\"false\" name=\"votre-sexe\"><option value=\"Votre sexe*\">Votre sexe*<\/option><option value=\"Masculin\">Masculin<\/option><option value=\"F\u00e9minin\">F\u00e9minin<\/option><\/select>\n\t\t<\/p>\n<p><select aria-required=\"true\" aria-invalid=\"false\" name=\"votre-nationalite\"><option value=\"Votre nationalit\u00e9*\">Votre nationalit\u00e9*<\/option><option value=\"B\u00e9ninoise\">B\u00e9ninoise<\/option><option value=\"Bissau-Guin\u00e9enne\">Bissau-Guin\u00e9enne<\/option><option value=\"Burkinab\u00e9e\">Burkinab\u00e9e<\/option><option value=\"Burundaise\">Burundaise<\/option><option value=\"Camerounaise\">Camerounaise<\/option><option value=\"Centrafricaine\">Centrafricaine<\/option><option value=\"Congolaise\">Congolaise<\/option><option value=\"\u00c9quato-guineenne\">\u00c9quato-guineenne<\/option><option value=\"Gabonaise\">Gabonaise<\/option><option value=\"Gambienne\">Gambienne<\/option><option value=\"Ghan\u00e9enne\">Ghan\u00e9enne<\/option><option value=\"Guin\u00e9enne\">Guin\u00e9enne<\/option><option value=\"Ivoirienne\">Ivoirienne<\/option><option value=\"Kenyane\">Kenyane<\/option><option value=\"Lib\u00e9rienne\">Lib\u00e9rienne<\/option><option value=\"Malienne\">Malienne<\/option><option value=\"Nig\u00e9riane\">Nig\u00e9riane<\/option><option value=\"Nig\u00e9rienne\">Nig\u00e9rienne<\/option><option value=\"Ougandaise\">Ougandaise<\/option><option value=\"Rwandaise\">Rwandaise<\/option><option value=\"S\u00e9n\u00e9galaise\">S\u00e9n\u00e9galaise<\/option><option value=\"Somalienne\">Somalienne<\/option><option value=\"Sud-Africaine\">Sud-Africaine<\/option><option value=\"Tanzanienne\">Tanzanienne<\/option><option value=\"Tchadienne\">Tchadienne<\/option><option value=\"Togolaise\">Togolaise<\/option><option value=\"Zambienne\">Zambienne<\/option><option value=\"Zimbabw\u00e9enne\">Zimbabw\u00e9enne<\/option><\/select>\n\t\t<\/p>\n<p><select aria-required=\"true\" aria-invalid=\"false\" name=\"votre-pays-residence\"><option value=\"Votre pays de r\u00e9sidence*\">Votre pays de r\u00e9sidence*<\/option><option value=\"Afrique du Sud\">Afrique du Sud<\/option><option value=\"Alg\u00e9rie\">Alg\u00e9rie<\/option><option value=\"Angola\">Angola<\/option><option value=\"B\u00e9nin\">B\u00e9nin<\/option><option value=\"Burkina\">Burkina<\/option><option value=\"Cameroun\">Cameroun<\/option><option value=\"Congo\">Congo<\/option><option value=\"C\u00f4te d&#039;Ivoire\">C\u00f4te d&#039;Ivoire<\/option><option value=\"\u00c9thiopie\">\u00c9thiopie<\/option><option value=\"Gabon\">Gabon<\/option><option value=\"Gambie\">Gambie<\/option><option value=\"Ghana\">Ghana<\/option><option value=\"Guin\u00e9e\">Guin\u00e9e<\/option><option value=\"Guin\u00e9e-Bissao\">Guin\u00e9e-Bissao<\/option><option value=\"Guin\u00e9e \u00e9quatoriale\">Guin\u00e9e \u00e9quatoriale<\/option><option value=\"Kenya\">Kenya<\/option><option value=\"Liberia\">Liberia<\/option><option value=\"Mali\">Mali<\/option><option value=\"Mozambique\">Mozambique<\/option><option value=\"Niger\">Niger<\/option><option value=\"Nigeria\">Nigeria<\/option><option value=\"Ouganda\">Ouganda<\/option><option value=\"R\u00e9publique centrafricaine\">R\u00e9publique centrafricaine<\/option><option value=\"Rwanda\">Rwanda<\/option><option value=\"S\u00e9n\u00e9gal\">S\u00e9n\u00e9gal<\/option><option value=\"Somalie\">Somalie<\/option><option value=\"Tchad\">Tchad<\/option><option value=\"Togo\">Togo<\/option><option value=\"Zambie\">Zambie<\/option><option value=\"Zimbabwe\">Zimbabwe<\/option><\/select>\n\t\t<\/p>\n<p><input size=\"40\" aria-required=\"true\" aria-invalid=\"false\" placeholder=\"Votre structure*\" value=\"\" type=\"text\" name=\"your-structure\" \/>\n\t\t<\/p>\n<p><select aria-required=\"true\" aria-invalid=\"false\" name=\"your-service\"><option value=\"Veuillez choisir la formation souhait\u00e9e*\">Veuillez choisir la formation souhait\u00e9e*<\/option><option value=\"Montage de Projets d\u2019Investissement, Business Plan et Recherche de Financements\">Montage de Projets d\u2019Investissement, Business Plan et Recherche de Financements<\/option><option value=\"Gestion de la tr\u00e9sorerie et du risque de liquidit\u00e9\">Gestion de la tr\u00e9sorerie et du risque de liquidit\u00e9<\/option><option value=\"Mesure et Gestion du risque op\u00e9rationnel\">Mesure et Gestion du risque op\u00e9rationnel<\/option><option value=\"Le dispositif de contr\u00f4le interne : le construire, l\u2019\u00e9valuer et l\u2019optimiser\">Le dispositif de contr\u00f4le interne : le construire, l\u2019\u00e9valuer et l\u2019optimiser<\/option><option value=\"Les normes IFRS appliqu\u00e9es au secteur bancaire\">Les normes IFRS appliqu\u00e9es au secteur bancaire<\/option><option value=\"Mesure et gestion du risque de march\u00e9\">Mesure et gestion du risque de march\u00e9<\/option><option value=\"Entreprenariat de jeune et technique d\u2019\u00e9laboration de Business plan\">Entreprenariat de jeune et technique d\u2019\u00e9laboration de Business plan<\/option><option value=\"Contr\u00f4le de gestion bancaire : ma\u00eetriser les outils de mesure de la rentabilit\u00e9 Gestion de tr\u00e9sorerie d\u2019une institution financi\u00e8re : ALM, march\u00e9s des capitaux, pr\u00e9visions de flux et \u00e9quilibre financier\">Contr\u00f4le de gestion bancaire : ma\u00eetriser les outils de mesure de la rentabilit\u00e9 Gestion de tr\u00e9sorerie d\u2019une institution financi\u00e8re : ALM, march\u00e9s des capitaux, pr\u00e9visions de flux et \u00e9quilibre financier<\/option><option value=\"La Gestion de la tr\u00e9sorerie bancaire et le traitement du risque\nde transformation et d\u2019illiquidit\u00e9 (BALE III)\">La Gestion de la tr\u00e9sorerie bancaire et le traitement du risque<br \/>\nde transformation et d\u2019illiquidit\u00e9 (BALE III)<\/option><option value=\"Cartographie des risques de non-conformit\u00e9 bancaire et financi\u00e8re : conformit\u00e9, contr\u00f4le interne, audit et risque\">Cartographie des risques de non-conformit\u00e9 bancaire et financi\u00e8re : conformit\u00e9, contr\u00f4le interne, audit et risque<\/option><option value=\"SYSCOHADA r\u00e9vis\u00e9 : dispositions nouvelles et pr\u00e9sentation des \u00e9tats financiers annuels\">SYSCOHADA r\u00e9vis\u00e9 : dispositions nouvelles et pr\u00e9sentation des \u00e9tats financiers annuels<\/option><option value=\"Analyse et pilotage du risque juridique dans les banques\">Analyse et pilotage du risque juridique dans les banques<\/option><option value=\"Elaboration des rapports r\u00e9glementaires sur la gestion des risques\">Elaboration des rapports r\u00e9glementaires sur la gestion des risques<\/option><option value=\"Risque et financement de l&#039;agriculture\">Risque et financement de l&#039;agriculture<\/option><option value=\"La nouvelle gestion des risques bancaires\">La nouvelle gestion des risques bancaires<\/option><option value=\"Assets &amp; Liabilities Management \u2013La Gestion Actif Passif dans la banque\nProduits d\u00e9riv\u00e9s en Afrique Sub-Saharienne : r\u00e9pondre aux besoins des clients et de la gestion ALM\">Assets &amp; Liabilities Management \u2013La Gestion Actif Passif dans la banque<br \/>\nProduits d\u00e9riv\u00e9s en Afrique Sub-Saharienne : r\u00e9pondre aux besoins des clients et de la gestion ALM<\/option><option value=\"Forex : comprendre le march\u00e9 des changes et les techniques de gestion du risque de change\">Forex : comprendre le march\u00e9 des changes et les techniques de gestion du risque de change<\/option><option value=\"Contr\u00f4le de gestion bancaire en Afrique Sub-saharienne\">Contr\u00f4le de gestion bancaire en Afrique Sub-saharienne<\/option><option value=\"Nouveau dispositif prudentiel de la BCEAO -Transposition de B\u00e2le II-III en UMOA\">Nouveau dispositif prudentiel de la BCEAO -Transposition de B\u00e2le II-III en UMOA<\/option><option value=\"Gouvernance et r\u00f4les des diff\u00e9rentes fonctions de contr\u00f4le\">Gouvernance et r\u00f4les des diff\u00e9rentes fonctions de contr\u00f4le<\/option><option value=\"Elaboration des \u00e9tats financiers sociaux en normes IFRS\">Elaboration des \u00e9tats financiers sociaux en normes IFRS<\/option><option value=\"Contr\u00f4le de gestion : outils de pilotage de la performance\">Contr\u00f4le de gestion : outils de pilotage de la performance<\/option><option value=\"Les outils et techniques de couverture du risque de cr\u00e9dit PME en Afrique Subsaharienne\">Les outils et techniques de couverture du risque de cr\u00e9dit PME en Afrique Subsaharienne<\/option><option value=\"Gouvernance et pilotage de la performance des Banques\">Gouvernance et pilotage de la performance des Banques<\/option><option value=\"Les bases de l\u2019analyse financi\u00e8re\">Les bases de l\u2019analyse financi\u00e8re<\/option><option value=\"Ing\u00e9nierie financi\u00e8re par les Fonds de garantie\">Ing\u00e9nierie financi\u00e8re par les Fonds de garantie<\/option><option value=\"Les garanties financi\u00e8res et leur impact sur les ratios prudentiels des Banques\">Les garanties financi\u00e8res et leur impact sur les ratios prudentiels des Banques<\/option><option value=\"D\u00e9cider d\u2019investir : rentabilit\u00e9 et \u00e9quilibre Financier\">D\u00e9cider d\u2019investir : rentabilit\u00e9 et \u00e9quilibre Financier<\/option><option value=\"Education financi\u00e8re pour les petits porteurs de projet\">Education financi\u00e8re pour les petits porteurs de projet<\/option><\/select>\n\t\t<\/p>\n<p><textarea cols=\"40\" rows=\"10\" aria-required=\"true\" aria-invalid=\"false\" placeholder=\"Votre message*\" name=\"your-message\"><\/textarea>\n\t\t<\/p>\n<p><noscript><br \/>\n\t\t<iframe loading=\"lazy\" src=\"https:\/\/www.google.com\/recaptcha\/api\/fallback?k=6LdSRkoqAAAAAP0xaI2LPBu-gwcapLaWWX-unIRk\" frameborder=\"0\" scrolling=\"no\" width=\"310\" height=\"430\"><br \/>\n\t\t<\/iframe><br \/>\n\t\t<textarea name=\"g-recaptcha-response\" rows=\"3\" cols=\"40\" placeholder=\"reCaptcha Response Here\"><br \/>\n\t\t<\/textarea><br \/>\n<\/noscript><\/p>\n<p><button type=\"submit\">Soumettre <\/button>\n\t\t<\/p>\n<\/form>\n","protected":false},"excerpt":{"rendered":"<p>FORMA\u00c7\u00c3O Inscri\u00e7\u00e3o num curso \u00c9 aqui que pode inscrever-se nos nossos cursos de forma\u00e7\u00e3o de ponta, concebidos para o dotar das compet\u00eancias e qualifica\u00e7\u00f5es necess\u00e1rias para levar a sua carreira [&hellip;]<\/p>\n","protected":false},"author":1,"featured_media":0,"parent":0,"menu_order":0,"comment_status":"closed","ping_status":"closed","template":"","meta":{"_themeisle_gutenberg_block_has_review":false,"footnotes":""},"class_list":["post-8545","page","type-page","status-publish","hentry"],"translation":{"provider":"WPGlobus","version":"2.10.10","language":"pt","enabled_languages":["fr","en","ar","pt"],"languages":{"fr":{"title":true,"content":true,"excerpt":false},"en":{"title":true,"content":true,"excerpt":false},"ar":{"title":true,"content":true,"excerpt":false},"pt":{"title":true,"content":true,"excerpt":false}}},"yoast_head":"<!-- This site is optimized with the Yoast SEO plugin v22.7 - https:\/\/yoast.com\/wordpress\/plugins\/seo\/ -->\n<title>Inscri\u00e7\u00e3o num curso - FAGACE<\/title>\n<meta name=\"robots\" content=\"index, follow, max-snippet:-1, max-image-preview:large, max-video-preview:-1\" \/>\n<link rel=\"canonical\" href=\"https:\/\/www.fagace.org\/inscription-a-une-formation\/\" \/>\n<meta property=\"og:locale\" content=\"pt_PT\" \/>\n<meta property=\"og:type\" content=\"article\" \/>\n<meta property=\"og:title\" content=\"Inscri\u00e7\u00e3o num curso - FAGACE\" \/>\n<meta property=\"og:url\" content=\"https:\/\/www.fagace.org\/inscription-a-une-formation\/\" \/>\n<meta property=\"og:site_name\" content=\"FAGACE\" \/>\n<meta property=\"article:publisher\" content=\"https:\/\/www.facebook.com\/fagaceorg\" \/>\n<meta property=\"article:modified_time\" content=\"2024-10-09T14:42:15+00:00\" \/>\n<meta name=\"twitter:card\" content=\"summary_large_image\" \/>\n<meta name=\"twitter:site\" content=\"@Fagace_Officiel\" \/>\n<meta name=\"twitter:label1\" content=\"Est. reading time\" \/>\n\t<meta name=\"twitter:data1\" content=\"3 minutes\" \/>\n<script type=\"application\/ld+json\" class=\"yoast-schema-graph\">{\"@context\":\"https:\/\/schema.org\",\"@graph\":[{\"@type\":\"WebPage\",\"@id\":\"https:\/\/www.fagace.org\/inscription-a-une-formation\/\",\"url\":\"https:\/\/www.fagace.org\/inscription-a-une-formation\/\",\"name\":\"Inscri\u00e7\u00e3o num curso - FAGACE\",\"isPartOf\":{\"@id\":\"https:\/\/www.fagace.org\/#website\"},\"datePublished\":\"2023-06-29T08:29:59+00:00\",\"dateModified\":\"2024-10-09T14:42:15+00:00\",\"breadcrumb\":{\"@id\":\"https:\/\/www.fagace.org\/inscription-a-une-formation\/#breadcrumb\"},\"inLanguage\":\"pt-PT\",\"potentialAction\":[{\"@type\":\"ReadAction\",\"target\":[\"https:\/\/www.fagace.org\/inscription-a-une-formation\/\"]}]},{\"@type\":\"BreadcrumbList\",\"@id\":\"https:\/\/www.fagace.org\/inscription-a-une-formation\/#breadcrumb\",\"itemListElement\":[{\"@type\":\"ListItem\",\"position\":1,\"name\":\"Accueil\",\"item\":\"https:\/\/www.fagace.org\/\"},{\"@type\":\"ListItem\",\"position\":2,\"name\":\"Inscription \u00e0 une formation\"}]},{\"@type\":\"WebSite\",\"@id\":\"https:\/\/www.fagace.org\/#website\",\"url\":\"https:\/\/www.fagace.org\/\",\"name\":\"{:fr}FAGACE{:}{:en}FAGACE{:}\",\"description\":\"Uma institui\u00e7\u00e3o financeira ao servi\u00e7o do desenvolvimento em \u00c1frica\",\"publisher\":{\"@id\":\"https:\/\/www.fagace.org\/#organization\"},\"potentialAction\":[{\"@type\":\"SearchAction\",\"target\":{\"@type\":\"EntryPoint\",\"urlTemplate\":\"https:\/\/www.fagace.org\/?s={search_term_string}\"},\"query-input\":\"required name=search_term_string\"}],\"inLanguage\":\"pt-PT\"},{\"@type\":\"Organization\",\"@id\":\"https:\/\/www.fagace.org\/#organization\",\"name\":\"{:fr}Fonds Africain de Garantie et de Coop\u00e9ration Economique{:}{:en}African Guarantee and Economic Cooperation Fund{:}\",\"url\":\"https:\/\/www.fagace.org\/\",\"logo\":{\"@type\":\"ImageObject\",\"inLanguage\":\"pt-PT\",\"@id\":\"https:\/\/www.fagace.org\/#\/schema\/logo\/image\/\",\"url\":\"https:\/\/www.fagace.org\/wp-content\/uploads\/2024\/04\/2003.jpg\",\"contentUrl\":\"https:\/\/www.fagace.org\/wp-content\/uploads\/2024\/04\/2003.jpg\",\"width\":580,\"height\":580,\"caption\":\"{:fr}Fonds Africain de Garantie et de Coop\u00e9ration Economique{:}{:en}African Guarantee and Economic Cooperation Fund{:}\"},\"image\":{\"@id\":\"https:\/\/www.fagace.org\/#\/schema\/logo\/image\/\"},\"sameAs\":[\"https:\/\/www.facebook.com\/fagaceorg\",\"https:\/\/x.com\/Fagace_Officiel\"]}]}<\/script>\n<!-- \/ Yoast SEO plugin. -->","yoast_head_json":{"title":"Inscri\u00e7\u00e3o num curso - FAGACE","robots":{"index":"index","follow":"follow","max-snippet":"max-snippet:-1","max-image-preview":"max-image-preview:large","max-video-preview":"max-video-preview:-1"},"canonical":"https:\/\/www.fagace.org\/inscription-a-une-formation\/","og_locale":"pt_PT","og_type":"article","og_title":"Inscri\u00e7\u00e3o num curso - FAGACE","og_url":"https:\/\/www.fagace.org\/inscription-a-une-formation\/","og_site_name":"FAGACE","article_publisher":"https:\/\/www.facebook.com\/fagaceorg","article_modified_time":"2024-10-09T14:42:15+00:00","twitter_card":"summary_large_image","twitter_site":"@Fagace_Officiel","twitter_misc":{"Est. reading time":"3 minutes"},"schema":{"@context":"https:\/\/schema.org","@graph":[{"@type":"WebPage","@id":"https:\/\/www.fagace.org\/inscription-a-une-formation\/","url":"https:\/\/www.fagace.org\/inscription-a-une-formation\/","name":"Inscri\u00e7\u00e3o num curso - FAGACE","isPartOf":{"@id":"https:\/\/www.fagace.org\/#website"},"datePublished":"2023-06-29T08:29:59+00:00","dateModified":"2024-10-09T14:42:15+00:00","breadcrumb":{"@id":"https:\/\/www.fagace.org\/inscription-a-une-formation\/#breadcrumb"},"inLanguage":"pt-PT","potentialAction":[{"@type":"ReadAction","target":["https:\/\/www.fagace.org\/inscription-a-une-formation\/"]}]},{"@type":"BreadcrumbList","@id":"https:\/\/www.fagace.org\/inscription-a-une-formation\/#breadcrumb","itemListElement":[{"@type":"ListItem","position":1,"name":"Accueil","item":"https:\/\/www.fagace.org\/"},{"@type":"ListItem","position":2,"name":"Inscription \u00e0 une formation"}]},{"@type":"WebSite","@id":"https:\/\/www.fagace.org\/#website","url":"https:\/\/www.fagace.org\/","name":"{:fr}FAGACE{:}{:en}FAGACE{:}","description":"Uma institui\u00e7\u00e3o financeira ao servi\u00e7o do desenvolvimento em \u00c1frica","publisher":{"@id":"https:\/\/www.fagace.org\/#organization"},"potentialAction":[{"@type":"SearchAction","target":{"@type":"EntryPoint","urlTemplate":"https:\/\/www.fagace.org\/?s={search_term_string}"},"query-input":"required name=search_term_string"}],"inLanguage":"pt-PT"},{"@type":"Organization","@id":"https:\/\/www.fagace.org\/#organization","name":"{:fr}Fonds Africain de Garantie et de Coop\u00e9ration Economique{:}{:en}African Guarantee and Economic Cooperation Fund{:}","url":"https:\/\/www.fagace.org\/","logo":{"@type":"ImageObject","inLanguage":"pt-PT","@id":"https:\/\/www.fagace.org\/#\/schema\/logo\/image\/","url":"https:\/\/www.fagace.org\/wp-content\/uploads\/2024\/04\/2003.jpg","contentUrl":"https:\/\/www.fagace.org\/wp-content\/uploads\/2024\/04\/2003.jpg","width":580,"height":580,"caption":"{:fr}Fonds Africain de Garantie et de Coop\u00e9ration Economique{:}{:en}African Guarantee and Economic Cooperation Fund{:}"},"image":{"@id":"https:\/\/www.fagace.org\/#\/schema\/logo\/image\/"},"sameAs":["https:\/\/www.facebook.com\/fagaceorg","https:\/\/x.com\/Fagace_Officiel"]}]}},"ticketed":false,"_links":{"self":[{"href":"https:\/\/www.fagace.org\/pt\/wp-json\/wp\/v2\/pages\/8545","targetHints":{"allow":["GET"]}}],"collection":[{"href":"https:\/\/www.fagace.org\/pt\/wp-json\/wp\/v2\/pages"}],"about":[{"href":"https:\/\/www.fagace.org\/pt\/wp-json\/wp\/v2\/types\/page"}],"author":[{"embeddable":true,"href":"https:\/\/www.fagace.org\/pt\/wp-json\/wp\/v2\/users\/1"}],"replies":[{"embeddable":true,"href":"https:\/\/www.fagace.org\/pt\/wp-json\/wp\/v2\/comments?post=8545"}],"version-history":[{"count":70,"href":"https:\/\/www.fagace.org\/pt\/wp-json\/wp\/v2\/pages\/8545\/revisions"}],"predecessor-version":[{"id":19737,"href":"https:\/\/www.fagace.org\/pt\/wp-json\/wp\/v2\/pages\/8545\/revisions\/19737"}],"wp:attachment":[{"href":"https:\/\/www.fagace.org\/pt\/wp-json\/wp\/v2\/media?parent=8545"}],"curies":[{"name":"wp","href":"https:\/\/api.w.org\/{rel}","templated":true}]}}